{"id":155,"date":"2020-09-10T12:01:20","date_gmt":"2020-09-10T10:01:20","guid":{"rendered":"https:\/\/lycee-simonedebeauvoir.com\/?page_id=155"},"modified":"2020-11-19T13:17:05","modified_gmt":"2020-11-19T11:17:05","slug":"lhistoire-de-nefertari","status":"publish","type":"page","link":"https:\/\/lycee-simonedebeauvoir.com\/?page_id=155","title":{"rendered":"L&rsquo;histoire du Lyc\u00e9e"},"content":{"rendered":"\n<p class=\"has-text-align-center\"><strong><u>Le Lyc\u00e9e Fran\u00e7ais International Simone de Beauvoir <\/u><\/strong><\/p>\n\n\n\n<p><strong><em><u>Les d\u00e9buts&nbsp;:<\/u><\/em><\/strong> En 2002, le lyc\u00e9e international Nefertari a ouvert ses portes pour faire partie du groupe \u00ab&nbsp;Nefertari International Schools&nbsp;\u00bb.<\/p>\n\n\n\n<p>Cette d\u00e9cision a \u00e9t\u00e9 prise malgr\u00e9 les d\u00e9fis&nbsp;:<\/p>\n\n\n\n<ol class=\"wp-block-list\" type=\"1\"><li>La majorit\u00e9 des familles en Egypte pr\u00e9f\u00e8rent la langue anglaise<\/li><li>&nbsp;L\u2019homologation de l\u2019\u00e9cole par le minist\u00e8re fran\u00e7ais de l\u2019\u00e9ducation n\u2019est pas facile \u00e0 obtenir.<\/li><\/ol>\n\n\n\n<p>La direction a opt\u00e9 pour ce syst\u00e8me \u00e0 cause de sa richesse culturelle et son impact sur le d\u00e9veloppement de la connaissance, de l\u2019esprit critique et des comp\u00e9tences de recherche scientifique. La&nbsp; valeur du Baccalaur\u00e9at fran\u00e7ais et reconnue en Egypte et mondialement. L\u2019\u00e9cole a commenc\u00e9 avec 11 \u00e9l\u00e8ves, dans le cadre d\u2019un partenariat avec la mission la\u00efque fran\u00e7aise \u00ab&nbsp;MLF&nbsp;\u00bb, et une convention avec le minist\u00e8re des affaires \u00e9trang\u00e8res repr\u00e9sent\u00e9 par le centre culturel fran\u00e7ais en Egypte.<\/p>\n\n\n\n<p><strong><em><u>La politique \u00e9ducative<\/u><\/em><\/strong><strong><em><u>\u00a0<\/u><\/em><\/strong><strong><em><u>:<\/u><\/em><\/strong><em><u> <\/u><\/em>D\u00e8s le commencement l&rsquo;\u00e9cole\u00a0 a ax\u00e9e sur le profit maximum du syst\u00e8me fran\u00e7ais sans perte de l&rsquo;identit\u00e9 \u00e9gyptienne. L\u2019\u00e9cole a aussi \u00a0valoris\u00e9 la langue anglaise vue son\u00a0 importance \u00e0 l&rsquo;\u00e9chelle internationale en ce qui concerne les actions \u00e9conomiques, les affaires et les syst\u00e8mes internationaux. \u00a0L\u2019\u00e9cole a donc adopt\u00e9 le slogan \u00ab\u00a0deux cultures et trois langues\u00a0\u00bb de la mission la\u00efque fran\u00e7aise.<\/p>\n\n\n\n<p><strong>L<\/strong><strong><em><u>e syst\u00e8me \u00e9ducatif<\/u><\/em><\/strong><strong><em><u>:<\/u><\/em><\/strong> l&rsquo;enseignement \u00e0 l&rsquo;\u00e9cole est conforme aux instructions et aux programmes du minist\u00e8re fran\u00e7ais de l&rsquo;\u00e9ducation et \u00e9galement aux&nbsp; instructions du minist\u00e8re \u00e9gyptien de l&rsquo;\u00e9ducation en ce qui concerne la langue arabe, les mati\u00e8res nationales&nbsp; et la religion.<\/p>\n\n\n\n<p><strong><em><u>Les caract\u00e9ristiques de l&rsquo;\u00e9cole:<\/u><\/em><\/strong><br>&#8211; L\u2019\u00e9cole accompagne l&rsquo;\u00e9l\u00e8ve durant toute sa scolarit\u00e9 pour assurer ses apprentissages, son bien \u00eatre et sa vie sociale.<br>&#8211; L\u2019\u00e9cole exploite tous les moyens disponibles pour aboutir \u00e0 la r\u00e9ussite personnelle de chaque \u00e9l\u00e8ve.&nbsp; Elle utilise la p\u00e9dagogie de diff\u00e9renciation et de rem\u00e9diation qui tient compte des diff\u00e9rences individuelles. L\u2019\u00e9cole se soucie aussi du futur de ses \u00e9tudiants et les guide dans leurs choix ult\u00e9rieurs d\u2019orientation.<br>&#8211; L\u2019\u00e9cole enseigne l\u2019anglais&nbsp; \u00e0 partir de la premi\u00e8re ann\u00e9e&nbsp; du primaire (Le CP), et l&rsquo;\u00e9tudiant&nbsp; peut choisir entre l&rsquo;allemand et l&rsquo;espagnol \u00e0 partir de la classe de cinqui\u00e8me.<br>&#8211; L\u2019\u00e9cole offre un syst\u00e8me d\u2019enseignement qui permet \u00e0 l\u2019\u00e9l\u00e8ve d\u2019int\u00e9grer facilement les syst\u00e8mes \u00e9ducatifs suivants (IG &#8211; Am\u00e9ricain-IB) selon son choix, ou si l\u2019\u00e9tablissement estime que ces syst\u00e8mes sont plus ad\u00e9quat avec ses capacit\u00e9s.<\/p>\n\n\n\n<p><strong><em><u>Les r\u00e9alisations et l&rsquo;avenir de l&rsquo;\u00e9cole: <\/u><\/em><\/strong>En Juin 2014, L\u2019homologation pour tous les niveaux (de la maternelle au lyc\u00e9e) a \u00e9t\u00e9 approuv\u00e9e par le minist\u00e8re de l\u2019\u00e9ducation nationale fran\u00e7ais.<\/p>\n\n\n\n<p>On observe&nbsp;:<br>&#8211; D\u2019excellents r\u00e9sultats&nbsp; obtenus&nbsp; au Brevet du coll\u00e8ge.<br>&#8211; L\u2019\u00e9cole a&nbsp; dipl\u00f4m\u00e9&nbsp; trois promotions jusqu\u2019en 2014, les \u00e9l\u00e8ves gradu\u00e9s se sont inscrits aux universit\u00e9s Am\u00e9ricaine, Allemande, d\u2019autres ont \u00e9t\u00e9 admis en France.<br>&#8211; Des \u00e9l\u00e8ves du coll\u00e8ge ont pass\u00e9 avec succ\u00e8s les tests des certificats anglais (K.E.T \u2013 P.E.T)&nbsp; s\u2019organis\u00e9s par l\u2019universit\u00e9 am\u00e9ricaine.<\/p>\n\n\n\n<p>-Durant deux&nbsp; ann\u00e9es successives des \u00e9l\u00e8ves de nos classes du Lyc\u00e9e ont particip\u00e9 au concours de d\u00e9bat (DEBATTE) organis\u00e9 par le centre culturel allemand&nbsp; et sont arriv\u00e9s dans les premiers.<br>&#8211; L\u2019\u00e9cole avance lentement mais \u00e0 pas s\u00fbrs. Le lyc\u00e9e construit sa bonne r\u00e9putation au long des ann\u00e9es.<\/p>\n\n\n\n<p>En 2019, le lyc\u00e9e change de nom pour devenir \u00ab\u00a0Lyc\u00e9e Simone de Beauvoir\u00a0\u00bb.<\/p>\n\n\n\n<p class=\"has-text-align-center\"><strong><strong> <\/strong><\/strong> <u style=\"font-weight: bold;\">\u0645\u062f\u0631\u0633\u0629 \u0633\u064a\u0645\u0648\u0646 \u062f\u0648 \u0628\u0648\u0641\u0648\u0627\u0631 \u0627\u0644\u0641\u0631\u0646\u0633\u064a\u0629 \u0627\u0644\u062f\u0648\u0644\u064a\u0629<\/u><\/p>\n\n\n\n<p class=\"has-text-align-right\"><strong><em><u>\u0627\u0644\u0628\u062f\u0627\u064a\u0629:<\/u><\/em><\/strong>&nbsp; \u0641\u064a \u0639\u0627\u0645 2002 \u062a\u0645 \u0627\u0641\u062a\u062a\u0627\u062d \u0645\u062f\u0631\u0633\u0629 \u0646\u0641\u0631\u062a\u0627\u0631\u0649 \u0627\u0644\u0641\u0631\u0646\u0633\u064a\u0629 \u0627\u0644\u062f\u0648\u0644\u064a\u0629 \u0644\u062a\u0646\u0636\u0645 \u0644\u0645\u062c\u0645\u0648\u0639\u0629 \u0645\u062f\u0627\u0631\u0633 \u0646\u0641\u0631\u062a\u0627 \u0631\u064a \u060c \u0648\u0644\u0642\u062f \u062a\u0645 \u0627\u062a\u062e\u0627\u0630 \u0647\u0630\u0627 \u0627\u0644\u0642\u0631\u0627\u0631 \u0627\u0644\u0635\u0639\u0628 \u0648\u0645\u0627 \u064a\u062d\u062a\u0648\u064a\u0647 \u0645\u0646 \u062a\u062d\u062f\u064a\u0627\u062a \u062a\u062a\u0645\u062b\u0644 \u0641\u064a \u0623\u0646 \u0627\u0644\u063a\u0627\u0644\u0628\u064a\u0629 \u0641\u064a \u0645\u0635\u0631 \u062a\u0645\u064a\u0644 \u0644\u0644\u063a\u0629 \u0627\u0644\u0625\u0646\u062c\u0644\u064a\u0632\u064a\u0629 \u0643\u0645\u0627 \u0623\u0646 \u0627\u0644\u062d\u0635\u0648\u0644 \u0639\u0644\u0649 \u0627\u0644\u0627\u0639\u062a\u0645\u0627\u062f \u0645\u0646 \u0648\u0632\u0627\u0631\u0629 \u0627\u0644\u062a\u0631\u0628\u064a\u0629 \u0648\u0627\u0644\u062a\u0639\u0644\u064a\u0645 \u0627\u0644\u0641\u0631\u0646\u0633\u064a\u0629 \u0644\u064a\u0633 \u0647\u064a\u0646\u0627 . \u0646\u0638\u0631\u0627 \u0644\u0645\u0627 \u0648\u062c\u062f\u062a\u0647 \u0625\u062f\u0627\u0631\u0629 \u0627\u0644\u0645\u062f\u0631\u0633\u0629 \u0645\u0646 \u063a\u0646\u0649 \u062b\u0642\u0627\u0641\u064a \u0641\u064a \u0647\u0630\u0627 \u0627\u0644\u0646\u0638\u0627\u0645 \u0627\u0644\u062a\u0639\u0644\u064a\u0645\u064a \u0648 \u062a\u0623\u062b\u064a\u0631\u0647 \u0639\u0644\u0649 \u062a\u0646\u0645\u064a\u0629 \u0631\u0648\u062d \u0627\u0644\u0645\u0639\u0631\u0641\u0629 \u0648\u0627\u0644\u0646\u0642\u062f \u0648\u0645\u0647\u0627\u0631\u0629 \u0627\u0644\u0628\u062d\u062b \u0627\u0644\u0639\u0644\u0645\u064a\u060c \u0648\u0623\u064a\u0636\u0627 \u0644\u0642\u064a\u0645\u0629 \u0634\u0647\u0627\u062f\u0629 \u0627\u0644\u0628\u0643\u0627\u0644\u0648\u0631\u064a\u0627 \u0627\u0644\u0641\u0631\u0646\u0633\u064a\u0629 \u0628\u0627\u0644\u062c\u0627\u0645\u0639\u0627\u062a \u0627\u0644\u0645\u0635\u0631\u064a\u0629 \u0648\u0627\u0644\u0639\u0627\u0644\u0645\u064a\u0629.<\/p>\n\n\n\n<p class=\"has-text-align-right\">\u0648\u0644\u0642\u062f \u0628\u062f\u0623\u062a \u0627\u0644\u0645\u062f\u0631\u0633\u0629 \u0628 11 \u062a\u0644\u0645\u064a\u0630\u0627\u064b \u0648\u0628\u0634\u0631\u0627\u0643\u0629 \u0645\u0639 \u00ab\u00a0\u0627\u0644\u0628\u0639\u062b\u0629 \u0627\u0644\u0642\u0648\u0645\u064a\u0629 \u0627\u0644\u0641\u0631\u0646\u0633\u064a\u0629\u00a0\u00bb \u0648\u0645\u062a\u0627\u0628\u0639\u0629 \u0645\u0646 \u0648\u0632\u0627\u0631\u0629 \u0627\u0644\u062e\u0627\u0631\u062c\u064a\u0629 \u0627\u0644\u0641\u0631\u0646\u0633\u064a\u0629 \u0645\u0645\u062b\u0644\u0629 \u0641\u064a \u0627\u0644\u0645\u0631\u0643\u0632 \u0627\u0644\u062b\u0642\u0627\u0641\u064a \u0627\u0644\u0641\u0631\u0646\u0633\u064a.<\/p>\n\n\n\n<p class=\"has-text-align-right\"><strong><em><u>\u0627\u0644\u0633\u064a\u0627\u0633\u0629 \u0627\u0644\u062a\u0639\u0644\u064a\u0645\u064a\u0629: <\/u><\/em><\/strong><strong>&nbsp;<\/strong>\u0645\u0646\u0630 \u0627\u0644\u0628\u062f\u0627\u064a\u0629 \u0631\u0643\u0632\u062a \u0627\u0644\u0645\u062f\u0631\u0633\u0629 \u0639\u0644\u0649 \u0627\u0644\u0627\u0633\u062a\u0641\u0627\u062f\u0629 \u0627\u0644\u0642\u0635\u0648\u0649 \u0645\u0646 \u0627\u0644\u0646\u0638\u0627\u0645 \u0627\u0644\u0641\u0631\u0646\u0633\u064a \u062f\u0648\u0646 \u0641\u0642\u062f \u0627\u0644\u0647\u0648\u064a\u0629 \u0627\u0644\u0645\u0635\u0631\u064a\u0629 \u0643\u0645\u0627 \u0627\u0647\u062a\u0645\u062a \u0627\u0644\u0645\u062f\u0631\u0633\u0629 \u0628\u0627\u0644\u0644\u063a\u0629 \u0627\u0644\u0625\u0646\u062c\u0644\u064a\u0632\u064a\u0629 \u0644\u062f\u0648\u0631\u0647\u0627 \u0639\u0627\u0644\u0645\u064a\u0627 \u0641\u064a\u0645\u0627 \u064a\u062e\u0635 \u0627\u0644\u0627\u0642\u062a\u0635\u0627\u062f \u0648\u0627\u0644\u0645\u0639\u0627\u0645\u0644\u0627\u062a \u0627\u0644\u062a\u062c\u0627\u0631\u064a\u0629 \u0648\u0627\u0644\u0623\u0646\u0638\u0645\u0629 \u0627\u0644\u062f\u0648\u0644\u064a\u0629 \u0644\u0630\u0627 \u062a\u0628\u0646\u062a \u0627\u0644\u0645\u062f\u0631\u0633\u0629 \u0634\u0639\u0627\u0631\u0627\u064b \u00ab\u00a0\u062b\u0642\u0627\u0641\u062a\u0627\u0646 \u0648\u062b\u0644\u0627\u062b \u0644\u063a\u0627\u062a\u00a0\u00bb&nbsp; &nbsp;\u0627\u0644\u062e\u0627\u0635 \u0628\u0627\u0644\u0628\u0639\u062b\u0629 \u0627\u0644\u0642\u0648\u0645\u064a\u0629 \u0627\u0644\u0641\u0631\u0646\u0633\u064a\u0629.<\/p>\n\n\n\n<p class=\"has-text-align-right\"><strong><em><u>\u0627\u0644\u0646\u0638\u0627\u0645 \u0627\u0644\u062a\u0639\u0644\u064a\u0645\u064a<\/u><\/em><\/strong><em><u>:&nbsp; <\/u><\/em>\u0627\u0644\u062a\u0639\u0644\u064a\u0645 \u0641\u064a \u0627\u0644\u0645\u062f\u0631\u0633\u0629 \u0645\u0637\u0627\u0628\u0642 \u0644\u062a\u0639\u0644\u064a\u0645\u0627\u062a \u0648\u0645\u0646\u0627\u0647\u062c \u0648\u0632\u0627\u0631\u0629 \u0627\u0644\u062a\u0631\u0628\u064a\u0629 \u0648\u0627\u0644\u062a\u0639\u0644\u064a\u0645 \u0627\u0644\u0641\u0631\u0646\u0633\u064a\u0629 \u0648\u0623\u064a\u0636\u0627 \u0646\u0638\u0627\u0645 \u0627\u0644\u062a\u0639\u0644\u064a\u0645 \u0644\u0648\u0632\u0627\u0631\u0629 \u0627\u0644\u062a\u0631\u0628\u064a\u0629 \u0648\u0627\u0644\u062a\u0639\u0644\u064a\u0645 \u0627\u0644\u0645\u0635\u0631\u064a\u0629 \u0641\u064a\u0645\u0627 \u064a\u062e\u0635 \u0627\u0644\u0644\u063a\u0629 \u0627\u0644\u0639\u0631\u0628\u064a\u0629 \u0648\u0627\u0644\u062f\u0631\u0627\u0633\u0627\u062a \u0627\u0644\u0627\u062c\u062a\u0645\u0627\u0639\u064a\u0629 \u0648\u0627\u0644\u062a\u0631\u0628\u064a\u0629 \u0627\u0644\u062f\u064a\u0646\u064a\u0629.<\/p>\n\n\n\n<p class=\"has-text-align-right\"><strong><em><u>\u0645\u0645\u064a\u0632\u0627\u062a&nbsp; \u0627\u0644\u0645\u062f\u0631\u0633\u0629<\/u><\/em><\/strong><em><u>: <\/u><\/em><\/p>\n\n\n\n<p class=\"has-text-align-right\">\u064a\u062a\u0645 \u0645\u062a\u0627\u0628\u0639\u0629 \u0627\u0644\u062a\u0644\u0645\u064a\u0630 \u0641\u064a \u062c\u0645\u064a\u0639 \u0627\u0644\u0645\u0631\u0627\u062d\u0644 \u0627\u0644\u062a\u0639\u0644\u064a\u0645\u064a\u0629 \u0645\u0646 \u0627\u0644\u0646\u0627\u062d\u064a\u0629 \u0627\u0644\u0639\u0644\u0645\u064a\u0629 \u0648\u0627\u0644\u0646\u0641\u0633\u064a\u0629 \u0648\u0627\u0644\u0627\u062c\u062a\u0645\u0627\u0639\u064a\u0629.<\/p>\n\n\n\n<p class=\"has-text-align-right\">\u062a\u0647\u062a\u0645 \u0627\u0644\u0645\u062f\u0631\u0633\u0629 \u0628\u0627\u0633\u062a\u062e\u062f\u0627\u0645 \u0643\u0644 \u0627\u0644\u0625\u0645\u0643\u0627\u0646\u0627\u062a \u0627\u0644\u0645\u062a\u0627\u062d\u0629 \u0644\u0643\u064a \u062a\u0635\u0644 \u0628\u0643\u0644 \u0637\u0627\u0644\u0628 \u0625\u0644\u0649 \u0627\u0644\u0646\u062c\u0627\u062d \u0639\u0644\u0649 \u0627\u0644\u0645\u0633\u062a\u0648\u0649 \u0627\u0644\u0634\u062e\u0635\u064a \u0641\u062a\u0633\u062a\u062e\u062f\u0645 \u0627\u0644\u062a\u0631\u0628\u064a\u0629 \u0627\u0644\u062a\u0648\u0627\u0641\u0642\u064a\u0629 \u0648\u0627\u0644\u062a\u0642\u0648\u064a\u0645\u064a\u0629 \u0648\u0627\u0644\u062a\u064a \u064a\u0631\u0627\u0639\u0649 \u0641\u064a\u0647\u0627 \u0627\u0644\u0641\u0631\u0648\u0642 \u0627\u0644\u0641\u0631\u062f\u064a\u0629. \u0643\u0645\u0627 \u062a\u0642\u0648\u0645 \u0627\u0644\u0645\u062f\u0631\u0633\u0629 \u0628\u062a\u0648\u062c\u064a\u0647 \u0627\u0644\u0637\u0644\u0627\u0628 \u0648\u0625\u0631\u0634\u0627\u062f\u0647\u0645 \u0641\u064a \u0627\u062e\u062a\u064a\u0627\u0631\u0627\u062a\u0647\u0645&nbsp; \u0627\u0644\u0645\u0633\u062a\u0642\u0628\u0644\u064a\u0629.<\/p>\n\n\n\n<p class=\"has-text-align-right\">\u064a\u062a\u0645 \u062a\u062f\u0631\u064a\u0633 \u0627\u0644\u0644\u063a\u0629 \u0627\u0644\u0625\u0646\u062c\u0644\u064a\u0632\u064a\u0629 \u0628\u062f\u0627\u064a\u0629 \u0645\u0646 \u0627\u0644\u0635\u0641 \u0627\u0644\u0623\u0648\u0644 \u0627\u0644\u0627\u0628\u062a\u062f\u0627\u0626\u064a \u0643\u0645\u0627 \u0623\u0646\u0647 \u0639\u0644\u0649 \u0627\u0644\u0637\u0627\u0644\u0628 \u0627\u0644\u0627\u062e\u062a\u064a\u0627\u0631 \u0628\u064a\u0646 \u0627\u0644\u0644\u063a\u0629 \u0627\u0644\u0623\u0644\u0645\u0627\u0646\u064a\u0629 \u0648\u0627\u0644\u0625\u0633\u0628\u0627\u0646\u064a\u0629 \u0639\u0646\u062f \u0627\u0644\u0635\u0641 \u0627\u0644\u0623\u0648\u0644 \u0627\u0644\u0625\u0639\u062f\u0627\u062f\u064a.<\/p>\n\n\n\n<p class=\"has-text-align-right\">\u062a\u0645\u0643\u0646 \u0627\u0644\u0645\u062f\u0631\u0633\u0629 \u0627\u0644\u0637\u0627\u0644\u0628 \u0645\u0646 \u0627\u0644\u0627\u0646\u062a\u0642\u0627\u0644 \u0628\u0633\u0647\u0648\u0644\u0629 \u0625\u0644\u0649 \u0627\u0644\u0623\u0646\u0638\u0645\u0629 \u0627\u0644\u062a\u0639\u0644\u064a\u0645\u064a\u0629 \u0627\u0644\u0622\u062a\u064a\u0629 ( IG \u2013 American- IB &nbsp;)\u0625\u0630\u0627 \u0623\u0631\u0627\u062f \u0630\u0644\u0643 \u0623\u0648 \u0625\u0630\u0627 \u0631\u0623\u062a \u0647\u064a \u0630\u0644\u0643 \u0628\u0645\u0627 \u064a\u062a\u0648\u0627\u0641\u0642 \u0645\u0639 \u0642\u062f\u0631\u0627\u062a\u0647<\/p>\n\n\n\n<p class=\"has-text-align-right\"><strong><em><u>\u0625\u0646\u062c\u0627\u0632\u0627\u062a \u0648\u0645\u0633\u062a\u0642\u0628\u0644 \u0627\u0644\u0645\u062f\u0631\u0633\u0629: <\/u><\/em><\/strong><strong>&nbsp;<\/strong>\u0641\u064a \u064a\u0648\u0646\u064a\u0648 \u0645\u0646 \u0639\u0627\u0645 2014 \u0623\u0635\u0628\u062d\u062a \u0627\u0644\u0645\u062f\u0631\u0633\u0629 \u0645\u0639\u062a\u0645\u062f\u0629 \u0645\u0646 \u0648\u0632\u0627\u0631\u0629 \u0627\u0644\u062a\u0631\u0628\u064a\u0629 \u0648\u0627\u0644\u062a\u0639\u0644\u064a\u0645 \u0627\u0644\u0641\u0631\u0646\u0633\u064a\u0629 \u0641\u064a \u062c\u0645\u064a\u0639 \u0645\u0631\u0627\u062d\u0644\u0647\u0627 \u0645\u0646 \u0627\u0644\u062d\u0636\u0627\u0646\u0629 \u0648\u062d\u062a\u0649 \u0627\u0644\u0635\u0641 \u0627\u0644\u062b\u0627\u0644\u062b \u0627\u0644\u062b\u0627\u0646\u0648\u064a (\u0627\u0644\u0628\u0643\u0627\u0644\u0648\u0631\u064a\u0627).<strong><\/strong><\/p>\n\n\n\n<p class=\"has-text-align-right\">\u0628\u0639\u0636 \u0627\u0644\u0625\u0646\u062c\u0627\u0632\u0627\u062a:<\/p>\n\n\n\n<p class=\"has-text-align-right\">\u0646\u062a\u0627\u0626\u062c \u0634\u0647\u0627\u062f\u0629 \u0625\u062a\u0645\u0627\u0645 \u0627\u0644\u0645\u0631\u062d\u0644\u0629 \u0627\u0644\u0625\u0639\u062f\u0627\u062f\u064a\u0629 ( Brevet) \u062f\u0627\u0626\u0645\u0627 \u0645\u0645\u062a\u0627\u0632\u0629<\/p>\n\n\n\n<p class=\"has-text-align-right\">\u062a\u0645 \u062a\u062e\u0631\u064a\u062c \u062b\u0644\u0627\u062b \u062f\u0641\u0639\u0627\u062a \u062d\u062a\u0649 \u0639\u0627\u0645 2014 \u0627\u0644\u062a\u062d\u0642\u0648\u0627 \u0628\u0627\u0644\u062c\u0627\u0645\u0639\u0627\u062a \u0627\u0644\u0623\u0645\u0631\u064a\u0643\u064a\u0629 \u0648\u0627\u0644\u0623\u0644\u0645\u0627\u0646\u064a\u0629 \u0648\u0645\u0646\u0647\u0645 \u0645\u0646 \u062a\u0642\u062f\u0645 \u0644\u062c\u0627\u0645\u0639\u0627\u062a \u0641\u064a \u0641\u0631\u0646\u0633\u0627<\/p>\n\n\n\n<p class=\"has-text-align-right\">\u062a\u0642\u062f\u0645 \u0645\u062c\u0645\u0648\u0639\u0629 \u0645\u0646 \u0623\u0648\u0644\u0627\u062f\u0646\u0627 \u0641\u064a \u0627\u0644\u0645\u0631\u062d\u0644\u0629 \u0627\u0644\u0625\u0639\u062f\u0627\u062f\u064a\u0629 \u0628\u0645\u0639\u0631\u0641\u0629 \u0627\u0644\u0645\u062f\u0631\u0633\u0629 \u0644\u0644\u062d\u0635\u0648\u0644 \u0639\u0644\u0649 \u0634\u0647\u0627\u062f\u0627\u062a \u0627\u0644 K.E.T&nbsp; , P.E.T &nbsp;\u0627\u0644\u0645\u0642\u062f\u0645\u0629 \u0645\u0646 \u0627\u0644\u062c\u0627\u0645\u0639\u0629 \u0627\u0644\u0623\u0645\u0631\u064a\u0643\u064a\u0629 \u0648\u0642\u062f \u062d\u0635\u0644\u0648\u0627 \u0639\u0644\u064a\u0647\u0627 \u0628\u0646\u062c\u0627\u062d<\/p>\n\n\n\n<p class=\"has-text-align-right\">\u0627\u0634\u062a\u0631\u0643 \u0623\u0648\u0644\u0627\u062f\u0646\u0627 \u0641\u064a \u0627\u0644\u0645\u0631\u062d\u0644\u0629 \u0627\u0644\u062b\u0627\u0646\u0648\u064a\u0629 \u0644\u0639\u0627\u0645\u064a\u0646 \u0645\u062a\u062a\u0627\u0644\u064a\u064a\u0646 \u0641\u064a \u0645\u0633\u0627\u0628\u0642\u0629&nbsp; \u0641\u0646 \u0627\u0644\u062a\u062d\u0627\u0648\u0631 (DEBATTE) \u0627\u0644\u0645\u0642\u062f\u0645\u0629 \u0645\u0646 \u0645\u0639\u0647\u062f \u062c\u0648\u062a\u0629 \u0627\u0644\u0623\u0644\u0645\u0627\u0646\u064a \u0648\u062d\u0635\u0644\u0648\u0627 \u0639\u0644\u0649 \u0645\u0631\u0627\u0643\u0632 \u0645\u062a\u0642\u062f\u0645\u0629<\/p>\n\n\n\n<p class=\"has-text-align-right\">\u062a\u0646\u0645\u0648 \u0627\u0644\u0645\u062f\u0631\u0633\u0629 \u0628\u062e\u0637\u0649 \u0628\u0637\u064a\u0626\u0629 \u0644\u0643\u0646 \u062b\u0627\u0628\u062a\u0629\u060c \u0648\u062a\u0643\u062a\u0633\u0628 \u0627\u0644\u0645\u062f\u0631\u0633\u0629 \u0633\u0645\u0639\u062a\u0647\u0627 \u0627\u0644\u0645\u062a\u0645\u064a\u0632\u0629 \u0639\u0627\u0645\u0627\u064b \u0628\u0639\u062f \u0627\u0644\u0622\u062e\u0631.<\/p>\n\n\n\n<p class=\"has-text-align-right\">\u0648 \u0641\u0649 \u0639\u0627\u0645 2019 \u062a\u0645 \u062a\u063a\u064a\u064a\u0631 \u0627\u0633\u0645 \u0627\u0644\u0645\u062f\u0631\u0633\u0629 \u0625\u0644\u0649 \u0644\u064a\u0633\u064a\u0647 \u0633\u064a\u0645\u0648\u0646 \u062f\u0648 \u0628\u0648\u0641\u0648\u0627\u0631 \u0627\u0644\u0641\u0631\u0646\u0633\u064a\u0629 \u0627\u0644\u062f\u0648\u0644\u064a\u0629. <\/p>\n","protected":false},"excerpt":{"rendered":"<p>Le Lyc\u00e9e Fran\u00e7ais International Simone de Beauvoir Les d\u00e9buts&nbsp;: En 2002, le lyc\u00e9e international Nefertari a ouvert ses portes pour faire partie du groupe \u00ab&nbsp;Nefertari International Schools&nbsp;\u00bb. Cette d\u00e9cision a \u00e9t\u00e9 prise malgr\u00e9 les d\u00e9fis&nbsp;: La majorit\u00e9 des familles en Egypte pr\u00e9f\u00e8rent la langue anglaise &nbsp;L\u2019homologation de l\u2019\u00e9cole par le minist\u00e8re fran\u00e7ais de l\u2019\u00e9ducation n\u2019est [&hellip;]<\/p>\n","protected":false},"author":6,"featured_media":0,"parent":138,"menu_order":0,"comment_status":"closed","ping_status":"closed","template":"","meta":{"footnotes":""},"class_list":["post-155","page","type-page","status-publish","hentry"],"_links":{"self":[{"href":"https:\/\/lycee-simonedebeauvoir.com\/index.php?rest_route=\/wp\/v2\/pages\/155","targetHints":{"allow":["GET"]}}],"collection":[{"href":"https:\/\/lycee-simonedebeauvoir.com\/index.php?rest_route=\/wp\/v2\/pages"}],"about":[{"href":"https:\/\/lycee-simonedebeauvoir.com\/index.php?rest_route=\/wp\/v2\/types\/page"}],"author":[{"embeddable":true,"href":"https:\/\/lycee-simonedebeauvoir.com\/index.php?rest_route=\/wp\/v2\/users\/6"}],"replies":[{"embeddable":true,"href":"https:\/\/lycee-simonedebeauvoir.com\/index.php?rest_route=%2Fwp%2Fv2%2Fcomments&post=155"}],"version-history":[{"count":5,"href":"https:\/\/lycee-simonedebeauvoir.com\/index.php?rest_route=\/wp\/v2\/pages\/155\/revisions"}],"predecessor-version":[{"id":2510,"href":"https:\/\/lycee-simonedebeauvoir.com\/index.php?rest_route=\/wp\/v2\/pages\/155\/revisions\/2510"}],"up":[{"embeddable":true,"href":"https:\/\/lycee-simonedebeauvoir.com\/index.php?rest_route=\/wp\/v2\/pages\/138"}],"wp:attachment":[{"href":"https:\/\/lycee-simonedebeauvoir.com\/index.php?rest_route=%2Fwp%2Fv2%2Fmedia&parent=155"}],"curies":[{"name":"wp","href":"https:\/\/api.w.org\/{rel}","templated":true}]}}