{"id":172,"date":"2020-09-10T12:03:37","date_gmt":"2020-09-10T10:03:37","guid":{"rendered":"https:\/\/lycee-simonedebeauvoir.com\/?page_id=172"},"modified":"2025-10-19T12:26:06","modified_gmt":"2025-10-19T10:26:06","slug":"recrutement","status":"publish","type":"page","link":"https:\/\/lycee-simonedebeauvoir.com\/?page_id=172","title":{"rendered":"Recrutement"},"content":{"rendered":"\n<p>Le Lyc\u00e9e Simone de Beauvoir recrute &#8230;<\/p>\n\n\n\n<p><\/p>\n\n\n\n<p><\/p>\n\n\n\n<p>ENVOYER:<\/p>\n\n\n\n<ul class=\"wp-block-list\">\n<li>CV<\/li>\n\n\n\n<li>Lettre de motivation<\/li>\n\n\n\n<li>Photocopie des dipl\u00f4mes<\/li>\n<\/ul>\n\n\n\n<p>Les candidats sont pri\u00e9s d&rsquo;envoyer leur CV au secr\u00e9tariat :<\/p>\n\n\n\n<p>secretaire.direction@lycee-simonedebeauvoir.com<\/p>\n","protected":false},"excerpt":{"rendered":"<p>Le Lyc\u00e9e Simone de Beauvoir recrute &#8230; ENVOYER: Les candidats sont pri\u00e9s d&rsquo;envoyer leur CV au secr\u00e9tariat : secretaire.direction@lycee-simonedebeauvoir.com<\/p>\n","protected":false},"author":6,"featured_media":2601,"parent":138,"menu_order":0,"comment_status":"closed","ping_status":"closed","template":"","meta":{"footnotes":""},"class_list":["post-172","page","type-page","status-publish","has-post-thumbnail","hentry"],"_links":{"self":[{"href":"https:\/\/lycee-simonedebeauvoir.com\/index.php?rest_route=\/wp\/v2\/pages\/172","targetHints":{"allow":["GET"]}}],"collection":[{"href":"https:\/\/lycee-simonedebeauvoir.com\/index.php?rest_route=\/wp\/v2\/pages"}],"about":[{"href":"https:\/\/lycee-simonedebeauvoir.com\/index.php?rest_route=\/wp\/v2\/types\/page"}],"author":[{"embeddable":true,"href":"https:\/\/lycee-simonedebeauvoir.com\/index.php?rest_route=\/wp\/v2\/users\/6"}],"replies":[{"embeddable":true,"href":"https:\/\/lycee-simonedebeauvoir.com\/index.php?rest_route=%2Fwp%2Fv2%2Fcomments&post=172"}],"version-history":[{"count":16,"href":"https:\/\/lycee-simonedebeauvoir.com\/index.php?rest_route=\/wp\/v2\/pages\/172\/revisions"}],"predecessor-version":[{"id":3696,"href":"https:\/\/lycee-simonedebeauvoir.com\/index.php?rest_route=\/wp\/v2\/pages\/172\/revisions\/3696"}],"up":[{"embeddable":true,"href":"https:\/\/lycee-simonedebeauvoir.com\/index.php?rest_route=\/wp\/v2\/pages\/138"}],"wp:featuredmedia":[{"embeddable":true,"href":"https:\/\/lycee-simonedebeauvoir.com\/index.php?rest_route=\/wp\/v2\/media\/2601"}],"wp:attachment":[{"href":"https:\/\/lycee-simonedebeauvoir.com\/index.php?rest_route=%2Fwp%2Fv2%2Fmedia&parent=172"}],"curies":[{"name":"wp","href":"https:\/\/api.w.org\/{rel}","templated":true}]}}