{"id":176,"date":"2020-09-10T12:05:24","date_gmt":"2020-09-10T10:05:24","guid":{"rendered":"https:\/\/lycee-simonedebeauvoir.com\/?page_id=176"},"modified":"2020-11-18T10:49:59","modified_gmt":"2020-11-18T08:49:59","slug":"elementaire","status":"publish","type":"page","link":"https:\/\/lycee-simonedebeauvoir.com\/?page_id=176","title":{"rendered":"El\u00e9mentaire"},"content":{"rendered":"\n<figure class=\"wp-block-gallery columns-2 is-cropped wp-block-gallery-1 is-layout-flex wp-block-gallery-is-layout-flex\"><ul class=\"blocks-gallery-grid\"><li class=\"blocks-gallery-item\"><figure><img fetchpriority=\"high\" decoding=\"async\" width=\"1024\" height=\"498\" src=\"https:\/\/lycee-simonedebeauvoir.com\/wp-content\/uploads\/2020\/01\/20200130_105254-1024x498.jpg\" alt=\"\" data-id=\"1362\" data-full-url=\"https:\/\/lycee-simonedebeauvoir.com\/wp-content\/uploads\/2020\/01\/20200130_105254-scaled.jpg\" data-link=\"https:\/\/lycee-simonedebeauvoir.com\/?attachment_id=1362\" class=\"wp-image-1362\" srcset=\"https:\/\/lycee-simonedebeauvoir.com\/wp-content\/uploads\/2020\/01\/20200130_105254-1024x498.jpg 1024w, https:\/\/lycee-simonedebeauvoir.com\/wp-content\/uploads\/2020\/01\/20200130_105254-300x146.jpg 300w, https:\/\/lycee-simonedebeauvoir.com\/wp-content\/uploads\/2020\/01\/20200130_105254-768x373.jpg 768w, https:\/\/lycee-simonedebeauvoir.com\/wp-content\/uploads\/2020\/01\/20200130_105254-1536x747.jpg 1536w, https:\/\/lycee-simonedebeauvoir.com\/wp-content\/uploads\/2020\/01\/20200130_105254-2048x996.jpg 2048w\" sizes=\"(max-width: 1024px) 100vw, 1024px\" \/><\/figure><\/li><li class=\"blocks-gallery-item\"><figure><img decoding=\"async\" width=\"1024\" height=\"498\" src=\"https:\/\/lycee-simonedebeauvoir.com\/wp-content\/uploads\/2020\/01\/20200130_105303-1024x498.jpg\" alt=\"\" data-id=\"1363\" data-full-url=\"https:\/\/lycee-simonedebeauvoir.com\/wp-content\/uploads\/2020\/01\/20200130_105303-scaled.jpg\" data-link=\"https:\/\/lycee-simonedebeauvoir.com\/?attachment_id=1363\" class=\"wp-image-1363\" srcset=\"https:\/\/lycee-simonedebeauvoir.com\/wp-content\/uploads\/2020\/01\/20200130_105303-1024x498.jpg 1024w, https:\/\/lycee-simonedebeauvoir.com\/wp-content\/uploads\/2020\/01\/20200130_105303-300x146.jpg 300w, https:\/\/lycee-simonedebeauvoir.com\/wp-content\/uploads\/2020\/01\/20200130_105303-768x373.jpg 768w, https:\/\/lycee-simonedebeauvoir.com\/wp-content\/uploads\/2020\/01\/20200130_105303-1536x747.jpg 1536w, https:\/\/lycee-simonedebeauvoir.com\/wp-content\/uploads\/2020\/01\/20200130_105303-2048x996.jpg 2048w\" sizes=\"(max-width: 1024px) 100vw, 1024px\" \/><\/figure><\/li><\/ul><\/figure>\n\n\n\n<figure class=\"wp-block-image size-large\"><img decoding=\"async\" width=\"960\" height=\"467\" src=\"https:\/\/lycee-simonedebeauvoir.com\/wp-content\/uploads\/2019\/05\/CMA5.jpg\" alt=\"\" class=\"wp-image-1032\" srcset=\"https:\/\/lycee-simonedebeauvoir.com\/wp-content\/uploads\/2019\/05\/CMA5.jpg 960w, https:\/\/lycee-simonedebeauvoir.com\/wp-content\/uploads\/2019\/05\/CMA5-300x146.jpg 300w, https:\/\/lycee-simonedebeauvoir.com\/wp-content\/uploads\/2019\/05\/CMA5-768x374.jpg 768w\" sizes=\"(max-width: 960px) 100vw, 960px\" \/><\/figure>\n\n\n\n<p>A chaque \u00e2ge ses apprentissages, \u00e0 chaque \u00e2ge ses pratiques et \u00e0 chaque enseignant sa p\u00e9dagogie. <\/p>\n\n\n\n<p>L\u2019\u00e9cole \u00e9l\u00e9mentaire accueille les \u00e9l\u00e8ves de 6 \u00e0 11 ans sur deux cycles et cinq niveaux de classes&nbsp;:<\/p>\n\n\n\n<ul class=\"wp-block-list\"><li>Le CP (le cours pr\u00e9paratoire),<\/li><li>Le CE1 (le cours \u00e9l\u00e9mentaire 1\u00e8re ann\u00e9e),<\/li><li>Le CE2 (le cours \u00e9l\u00e9mentaire 2\u00e8me ann\u00e9e),<\/li><li>Le CM1 (le cours moyen 1\u00e8re ann\u00e9e),<\/li><li>Le CM2 (le cours moyen 2\u00e8me ann\u00e9e).<\/li><\/ul>\n\n\n\n<p>L\u2019\u00e9cole \u00e9l\u00e9mentaire&nbsp;constitue le d\u00e9but de la scolarit\u00e9 obligatoire.<\/p>\n\n\n\n<ul class=\"wp-block-list\"><li>La formation dispens\u00e9e dans les \u00e9coles \u00e9l\u00e9mentaires assure l\u2019acquisition des instruments fondamentaux de la connaissance&nbsp;: expression orale et \u00e9crite, lecture, calcul et r\u00e9solution de probl\u00e8mes.<\/li><li>Elle suscite le d\u00e9veloppement de l\u2019intelligence, de la sensibilit\u00e9 artistique, des aptitudes manuelles, physiques et sportives.<\/li><li>Elle dispense les \u00e9l\u00e9ments d\u2019une culture historique, g\u00e9ographique, scientifique et technique.<\/li><li>Elle offre une \u00e9ducation aux arts visuels et aux arts musicaux. Elle assure l\u2019enseignement d\u2019une langue vivante \u00e9trang\u00e8re et peut comporter une initiation \u00e0 la diversit\u00e9 linguistique.<\/li><li>Elle contribue \u00e9galement \u00e0 la compr\u00e9hension et \u00e0 un usage autonome et responsable des m\u00e9dias, notamment num\u00e9riques.<\/li><li>Elle assure l\u2019acquisition et la compr\u00e9hension de l\u2019exigence du respect de la personne, de ses origines et de ses diff\u00e9rences.<\/li><li>Elle transmet \u00e9galement l\u2019exigence du respect des droits de l\u2019enfant et de l\u2019\u00e9galit\u00e9 entre les femmes et les hommes.<\/li><li>Elle assure conjointement avec la famille l\u2019\u00e9ducation morale et civique qui comprend, pour permettre l\u2019exercice de la citoyennet\u00e9, l\u2019apprentissage des valeurs et symboles de la R\u00e9publique et de l\u2019Union europ\u00e9enne, notamment de l\u2019hymne national et de son histoire.<\/li><\/ul>\n\n\n\n<p><strong>Les cycles d\u2019enseignement<\/strong><strong><\/strong><\/p>\n\n\n\n<p>L\u2019organisation par cycles d\u2019enseignement permet de prendre en compte la progressivit\u00e9 des apprentissages et les besoins des \u00e9l\u00e8ves pour les accompagner dans l\u2019acquisition des comp\u00e9tences.<\/p>\n\n\n\n<p>Le nombre et la dur\u00e9e des cycles tout au long de la scolarit\u00e9 obligatoire ont \u00e9t\u00e9 red\u00e9finis. L\u2019\u00e9cole maternelle constitue depuis la rentr\u00e9e 2014, un cycle \u00e0 part enti\u00e8re (cycle 1, cycle des apprentissages premiers). La cr\u00e9ation d\u2019un cycle associant les deux derni\u00e8res classes de l\u2019\u00e9cole \u00e9l\u00e9mentaire et la classe de sixi\u00e8me doit favoriser une meilleure continuit\u00e9 p\u00e9dagogique entre l\u2019\u00e9cole et le coll\u00e8ge.<\/p>\n\n\n\n<ul class=\"wp-block-list\"><li>Le<strong>&nbsp;cycle 2<\/strong>, cycle des apprentissages fondamentaux, correspond aux trois premi\u00e8res ann\u00e9es de l\u2019\u00e9cole \u00e9l\u00e9mentaire appel\u00e9es respectivement&nbsp;: cours pr\u00e9paratoire (CP), cours \u00e9l\u00e9mentaire premi\u00e8re ann\u00e9e (CE1) et cours \u00e9l\u00e9mentaire deuxi\u00e8me ann\u00e9e (CE2).<\/li><li>Le&nbsp;<strong>cycle 3<\/strong>, cycle de consolidation, correspond aux deux ann\u00e9es de l\u2019\u00e9cole \u00e9l\u00e9mentaire suivant le cycle des apprentissages fondamentaux et \u00e0 la premi\u00e8re ann\u00e9e du coll\u00e8ge appel\u00e9es respectivement&nbsp;: cours moyen premi\u00e8re ann\u00e9e (CM1), cours moyen deuxi\u00e8me ann\u00e9e (CM2)&nbsp;et classe de sixi\u00e8me.<\/li><\/ul>\n\n\n\n<figure class=\"wp-block-image size-large\"><img loading=\"lazy\" decoding=\"async\" width=\"2560\" height=\"1244\" src=\"https:\/\/lycee-simonedebeauvoir.com\/wp-content\/uploads\/2019\/04\/20190417_110952-scaled.jpg\" alt=\"\" class=\"wp-image-509\" srcset=\"https:\/\/lycee-simonedebeauvoir.com\/wp-content\/uploads\/2019\/04\/20190417_110952-scaled.jpg 2560w, https:\/\/lycee-simonedebeauvoir.com\/wp-content\/uploads\/2019\/04\/20190417_110952-300x146.jpg 300w\" sizes=\"(max-width: 2560px) 100vw, 2560px\" \/><\/figure>\n\n\n\n<figure class=\"wp-block-image size-large\"><img loading=\"lazy\" decoding=\"async\" width=\"643\" height=\"506\" src=\"https:\/\/lycee-simonedebeauvoir.com\/wp-content\/uploads\/2019\/04\/20190417_213306.jpg\" alt=\"\" class=\"wp-image-529\" srcset=\"https:\/\/lycee-simonedebeauvoir.com\/wp-content\/uploads\/2019\/04\/20190417_213306.jpg 643w, https:\/\/lycee-simonedebeauvoir.com\/wp-content\/uploads\/2019\/04\/20190417_213306-300x236.jpg 300w\" sizes=\"(max-width: 643px) 100vw, 643px\" \/><\/figure>\n\n\n\n<figure class=\"wp-block-image size-large\"><img loading=\"lazy\" decoding=\"async\" width=\"1024\" height=\"498\" src=\"https:\/\/lycee-simonedebeauvoir.com\/wp-content\/uploads\/2020\/01\/WhatsApp-Image-2020-01-14-at-16.33.18.jpeg\" alt=\"\" class=\"wp-image-1454\" srcset=\"https:\/\/lycee-simonedebeauvoir.com\/wp-content\/uploads\/2020\/01\/WhatsApp-Image-2020-01-14-at-16.33.18.jpeg 1024w, https:\/\/lycee-simonedebeauvoir.com\/wp-content\/uploads\/2020\/01\/WhatsApp-Image-2020-01-14-at-16.33.18-300x146.jpeg 300w, https:\/\/lycee-simonedebeauvoir.com\/wp-content\/uploads\/2020\/01\/WhatsApp-Image-2020-01-14-at-16.33.18-768x374.jpeg 768w\" sizes=\"(max-width: 1024px) 100vw, 1024px\" \/><\/figure>\n","protected":false},"excerpt":{"rendered":"<p>A chaque \u00e2ge ses apprentissages, \u00e0 chaque \u00e2ge ses pratiques et \u00e0 chaque enseignant sa p\u00e9dagogie. L\u2019\u00e9cole \u00e9l\u00e9mentaire accueille les \u00e9l\u00e8ves de 6 \u00e0 11 ans sur deux cycles et cinq niveaux de classes&nbsp;: Le CP (le cours pr\u00e9paratoire), Le CE1 (le cours \u00e9l\u00e9mentaire 1\u00e8re ann\u00e9e), Le CE2 (le cours \u00e9l\u00e9mentaire 2\u00e8me ann\u00e9e), Le CM1 [&hellip;]<\/p>\n","protected":false},"author":6,"featured_media":490,"parent":141,"menu_order":0,"comment_status":"closed","ping_status":"closed","template":"","meta":{"footnotes":""},"class_list":["post-176","page","type-page","status-publish","has-post-thumbnail","hentry"],"_links":{"self":[{"href":"https:\/\/lycee-simonedebeauvoir.com\/index.php?rest_route=\/wp\/v2\/pages\/176","targetHints":{"allow":["GET"]}}],"collection":[{"href":"https:\/\/lycee-simonedebeauvoir.com\/index.php?rest_route=\/wp\/v2\/pages"}],"about":[{"href":"https:\/\/lycee-simonedebeauvoir.com\/index.php?rest_route=\/wp\/v2\/types\/page"}],"author":[{"embeddable":true,"href":"https:\/\/lycee-simonedebeauvoir.com\/index.php?rest_route=\/wp\/v2\/users\/6"}],"replies":[{"embeddable":true,"href":"https:\/\/lycee-simonedebeauvoir.com\/index.php?rest_route=%2Fwp%2Fv2%2Fcomments&post=176"}],"version-history":[{"count":4,"href":"https:\/\/lycee-simonedebeauvoir.com\/index.php?rest_route=\/wp\/v2\/pages\/176\/revisions"}],"predecessor-version":[{"id":2489,"href":"https:\/\/lycee-simonedebeauvoir.com\/index.php?rest_route=\/wp\/v2\/pages\/176\/revisions\/2489"}],"up":[{"embeddable":true,"href":"https:\/\/lycee-simonedebeauvoir.com\/index.php?rest_route=\/wp\/v2\/pages\/141"}],"wp:featuredmedia":[{"embeddable":true,"href":"https:\/\/lycee-simonedebeauvoir.com\/index.php?rest_route=\/wp\/v2\/media\/490"}],"wp:attachment":[{"href":"https:\/\/lycee-simonedebeauvoir.com\/index.php?rest_route=%2Fwp%2Fv2%2Fmedia&parent=176"}],"curies":[{"name":"wp","href":"https:\/\/api.w.org\/{rel}","templated":true}]}}