{"id":178,"date":"2020-09-10T12:05:31","date_gmt":"2020-09-10T10:05:31","guid":{"rendered":"https:\/\/lycee-simonedebeauvoir.com\/?page_id=178"},"modified":"2020-11-18T10:34:01","modified_gmt":"2020-11-18T08:34:01","slug":"college","status":"publish","type":"page","link":"https:\/\/lycee-simonedebeauvoir.com\/?page_id=178","title":{"rendered":"Coll\u00e8ge"},"content":{"rendered":"\n<figure class=\"wp-block-image size-large\"><img fetchpriority=\"high\" decoding=\"async\" width=\"1024\" height=\"453\" src=\"https:\/\/lycee-simonedebeauvoir.com\/wp-content\/uploads\/2019\/02\/Photo-du-lyc\u00e9eg-1024x453.jpg\" alt=\"\" class=\"wp-image-385\" srcset=\"https:\/\/lycee-simonedebeauvoir.com\/wp-content\/uploads\/2019\/02\/Photo-du-lyc\u00e9eg-1024x453.jpg 1024w, https:\/\/lycee-simonedebeauvoir.com\/wp-content\/uploads\/2019\/02\/Photo-du-lyc\u00e9eg-300x133.jpg 300w, https:\/\/lycee-simonedebeauvoir.com\/wp-content\/uploads\/2019\/02\/Photo-du-lyc\u00e9eg-768x340.jpg 768w, https:\/\/lycee-simonedebeauvoir.com\/wp-content\/uploads\/2019\/02\/Photo-du-lyc\u00e9eg-1536x679.jpg 1536w, https:\/\/lycee-simonedebeauvoir.com\/wp-content\/uploads\/2019\/02\/Photo-du-lyc\u00e9eg.jpg 1900w\" sizes=\"(max-width: 1024px) 100vw, 1024px\" \/><\/figure>\n\n\n\n<p class=\"has-text-align-left\"><em><strong>Comme pour le primaire, l\u2019enseignement secondaire du Lyc\u00e9e Fran\u00e7ais Simone de Beauvoir est homologu\u00e9 par le minist\u00e8re fran\u00e7ais de l\u2019\u00c9ducation nationale.<\/strong><\/em><\/p>\n\n\n\n<p class=\"has-text-align-left\">Le\u00a0<strong>coll\u00e8ge<\/strong>\u00a0est l&rsquo;\u00e9tablissement de niveau secondaire qui, \u00e0 l&rsquo;issue de l&rsquo;\u00e9cole \u00e9l\u00e9mentaire, accueille tous les enfants scolaris\u00e9s. Ils y suivent quatre ann\u00e9es de scolarit\u00e9 : la sixi\u00e8me, la cinqui\u00e8me, la quatri\u00e8me et la troisi\u00e8me.\u00a0<\/p>\n\n\n\n<h3 class=\"wp-block-heading\" id=\"edugouv-summary-item-7\">L&rsquo;\u00e9valuation au coll\u00e8ge<\/h3>\n\n\n\n<h5 class=\"wp-block-heading\" id=\"edugouv-summary-item-8\"><em>Le socle commun de connaissances, de comp\u00e9tences et de culture<\/em><\/h5>\n\n\n\n<p><strong>Le \u00ab\u00a0socle commun de connaissances, de comp\u00e9tences et de culture\u00a0\u00bb\u00a0<\/strong>constitue<strong>\u00a0l&rsquo;ensemble des connaissances, comp\u00e9tences, valeurs et attitudes n\u00e9cessaires pour r\u00e9ussir sa scolarit\u00e9, sa vie d&rsquo;individu et de futur citoyen<\/strong>. De l&rsquo;\u00e9cole primaire jusqu&rsquo;\u00e0\u00a0la derni\u00e8re ann\u00e9e de scolarit\u00e9\u00a0obligatoire, les \u00e9l\u00e8ves acqui\u00e8rent progressivement les comp\u00e9tences et les connaissances de ce socle commun. Les enseignants certifient le niveau atteint dans chaque composante du socle commun \u00e0 la fin de chaque cycle d&rsquo;enseignement.<\/p>\n\n\n\n<p><em><strong>Que sont les E.P.I ?<\/strong><\/em><\/p>\n\n\n\n<p>Les EPI (Enseignements Pratiques Interdisciplinaires) font partie int\u00e9grante de la r\u00e9forme du coll\u00e8ge, sont obligatoires, et repr\u00e9sentent environ 72 heures annualis\u00e9es par classe. Chaque classe (de la 5\u00e8me \u00e0 la 3\u00e8me) abordera deux EPI au cours de l\u2019ann\u00e9e scolaire. L\u2019id\u00e9e essentielle est de donner du sens aux apprentissages, favoriser le travail interdisciplinaire et d\u00e9velopper le travail en groupe. <\/p>\n\n\n\n<p><strong>Les enseignements pratiques interdisciplinaires (EPI) <\/strong>permettent de construire et d\u2019approfondir des connaissances et comp\u00e9tences gr\u00e2ce \u00e0 une r\u00e9alisation concr\u00e8te individuelle ou collective. Ils aboutissent \u00e0 des r\u00e9alisations (pr\u00e9sentation orale ou \u00e9crite, constitution d&rsquo;un carnet, etc.).<\/p>\n\n\n\n<p>Ces EPI sont \u00e9valu\u00e9s par comp\u00e9tences et chaque \u00e9l\u00e8ve aura la possibilit\u00e9 de pr\u00e9senter \u00e0 l\u2019\u00e9preuve orale du DNB sa contribution \u00e0 un EPI qu\u2019il aurait particuli\u00e8rement appr\u00e9ci\u00e9 au cours de ses ann\u00e9es de cycle 4.<\/p>\n\n\n\n<p><\/p>\n","protected":false},"excerpt":{"rendered":"<p>Comme pour le primaire, l\u2019enseignement secondaire du Lyc\u00e9e Fran\u00e7ais Simone de Beauvoir est homologu\u00e9 par le minist\u00e8re fran\u00e7ais de l\u2019\u00c9ducation nationale. Le\u00a0coll\u00e8ge\u00a0est l&rsquo;\u00e9tablissement de niveau secondaire qui, \u00e0 l&rsquo;issue de l&rsquo;\u00e9cole \u00e9l\u00e9mentaire, accueille tous les enfants scolaris\u00e9s. Ils y suivent quatre ann\u00e9es de scolarit\u00e9 : la sixi\u00e8me, la cinqui\u00e8me, la quatri\u00e8me et la troisi\u00e8me.\u00a0 L&rsquo;\u00e9valuation [&hellip;]<\/p>\n","protected":false},"author":6,"featured_media":74,"parent":141,"menu_order":0,"comment_status":"closed","ping_status":"closed","template":"","meta":{"footnotes":""},"class_list":["post-178","page","type-page","status-publish","has-post-thumbnail","hentry"],"_links":{"self":[{"href":"https:\/\/lycee-simonedebeauvoir.com\/index.php?rest_route=\/wp\/v2\/pages\/178","targetHints":{"allow":["GET"]}}],"collection":[{"href":"https:\/\/lycee-simonedebeauvoir.com\/index.php?rest_route=\/wp\/v2\/pages"}],"about":[{"href":"https:\/\/lycee-simonedebeauvoir.com\/index.php?rest_route=\/wp\/v2\/types\/page"}],"author":[{"embeddable":true,"href":"https:\/\/lycee-simonedebeauvoir.com\/index.php?rest_route=\/wp\/v2\/users\/6"}],"replies":[{"embeddable":true,"href":"https:\/\/lycee-simonedebeauvoir.com\/index.php?rest_route=%2Fwp%2Fv2%2Fcomments&post=178"}],"version-history":[{"count":3,"href":"https:\/\/lycee-simonedebeauvoir.com\/index.php?rest_route=\/wp\/v2\/pages\/178\/revisions"}],"predecessor-version":[{"id":2483,"href":"https:\/\/lycee-simonedebeauvoir.com\/index.php?rest_route=\/wp\/v2\/pages\/178\/revisions\/2483"}],"up":[{"embeddable":true,"href":"https:\/\/lycee-simonedebeauvoir.com\/index.php?rest_route=\/wp\/v2\/pages\/141"}],"wp:featuredmedia":[{"embeddable":true,"href":"https:\/\/lycee-simonedebeauvoir.com\/index.php?rest_route=\/wp\/v2\/media\/74"}],"wp:attachment":[{"href":"https:\/\/lycee-simonedebeauvoir.com\/index.php?rest_route=%2Fwp%2Fv2%2Fmedia&parent=178"}],"curies":[{"name":"wp","href":"https:\/\/api.w.org\/{rel}","templated":true}]}}