{"id":204,"date":"2026-01-10T12:09:00","date_gmt":"2026-01-10T10:09:00","guid":{"rendered":"https:\/\/lycee-simonedebeauvoir.com\/?page_id=204"},"modified":"2026-03-24T13:13:22","modified_gmt":"2026-03-24T11:13:22","slug":"bourses-scolaires","status":"publish","type":"page","link":"https:\/\/lycee-simonedebeauvoir.com\/?page_id=204","title":{"rendered":"1\u00e8re campagne boursi\u00e8re 2026\/2027 (CCB1):"},"content":{"rendered":"\n<p><strong>La campagne des bourses scolaires 2026-2027 est ouverte\u00a0<u>du 18 janvier au 8 f\u00e9vrier 2026<\/u>\u00a0pour le d\u00e9p\u00f4t des dossiers.\u00a0L\u2019information est disponible sur le site du Consulat via le lien suivant\u00a0: <\/strong><\/p>\n\n\n\n<p><a href=\"https:\/\/eg.diplomatie.gouv.fr\/fr\/famille\/bourses-scolaires-nord#haut-de-page\">https:\/\/eg.diplomatie.gouv.fr\/fr\/famille\/bourses-scolaires-nord#haut-de-page<\/a><\/p>\n\n\n\n<p><strong>Le nouveau logiciel Scolaide \u00e9tant actuellement affect\u00e9 de nombreux dysfonctionnements, le d\u00e9p\u00f4t du dossier papier sur rendez-vous est r\u00e9tabli, pour les premi\u00e8res demandes comme pour les renouvellements.<\/strong><\/p>\n\n\n\n<p><strong>Nous vous rappelons les points suivants :<\/strong><\/p>\n\n\n\n<p>&nbsp;&#8211;&nbsp;&nbsp;<strong>Tout dossier incomplet conduira au rejet de la demande et \u00e0 la prise d\u2019un nouveau rendez-vous.<\/strong>&nbsp;<\/p>\n\n\n\n<p>&#8211;&nbsp; &nbsp;<strong>Il est recommand\u00e9 de ne pas attendre le dernier moment pour prendre un rendez-vous au risque de ne plus disposer de cr\u00e9neaux disponibles. L\u2019afflux des demandes de rendez-vous en fin de la campagne ne permet pas au service des affaires sociales de donner satisfaction \u00e0 l\u2019ensemble des familles<\/strong><\/p>\n\n\n\n<p><\/p>\n","protected":false},"excerpt":{"rendered":"<p>La campagne des bourses scolaires 2026-2027 est ouverte\u00a0du 18 janvier au 8 f\u00e9vrier 2026\u00a0pour le d\u00e9p\u00f4t des dossiers.\u00a0L\u2019information est disponible sur le site du Consulat via le lien suivant\u00a0: https:\/\/eg.diplomatie.gouv.fr\/fr\/famille\/bourses-scolaires-nord#haut-de-page Le nouveau logiciel Scolaide \u00e9tant actuellement affect\u00e9 de nombreux dysfonctionnements, le d\u00e9p\u00f4t du dossier papier sur rendez-vous est r\u00e9tabli, pour les premi\u00e8res demandes comme pour [&hellip;]<\/p>\n","protected":false},"author":6,"featured_media":0,"parent":143,"menu_order":0,"comment_status":"closed","ping_status":"closed","template":"","meta":{"footnotes":""},"class_list":["post-204","page","type-page","status-publish","hentry"],"_links":{"self":[{"href":"https:\/\/lycee-simonedebeauvoir.com\/index.php?rest_route=\/wp\/v2\/pages\/204","targetHints":{"allow":["GET"]}}],"collection":[{"href":"https:\/\/lycee-simonedebeauvoir.com\/index.php?rest_route=\/wp\/v2\/pages"}],"about":[{"href":"https:\/\/lycee-simonedebeauvoir.com\/index.php?rest_route=\/wp\/v2\/types\/page"}],"author":[{"embeddable":true,"href":"https:\/\/lycee-simonedebeauvoir.com\/index.php?rest_route=\/wp\/v2\/users\/6"}],"replies":[{"embeddable":true,"href":"https:\/\/lycee-simonedebeauvoir.com\/index.php?rest_route=%2Fwp%2Fv2%2Fcomments&post=204"}],"version-history":[{"count":12,"href":"https:\/\/lycee-simonedebeauvoir.com\/index.php?rest_route=\/wp\/v2\/pages\/204\/revisions"}],"predecessor-version":[{"id":3749,"href":"https:\/\/lycee-simonedebeauvoir.com\/index.php?rest_route=\/wp\/v2\/pages\/204\/revisions\/3749"}],"up":[{"embeddable":true,"href":"https:\/\/lycee-simonedebeauvoir.com\/index.php?rest_route=\/wp\/v2\/pages\/143"}],"wp:attachment":[{"href":"https:\/\/lycee-simonedebeauvoir.com\/index.php?rest_route=%2Fwp%2Fv2%2Fmedia&parent=204"}],"curies":[{"name":"wp","href":"https:\/\/api.w.org\/{rel}","templated":true}]}}