{"id":210,"date":"2020-09-10T12:09:55","date_gmt":"2020-09-10T10:09:55","guid":{"rendered":"https:\/\/lycee-simonedebeauvoir.com\/?page_id=210"},"modified":"2025-10-19T12:34:11","modified_gmt":"2025-10-19T10:34:11","slug":"transport-scolaire","status":"publish","type":"page","link":"https:\/\/lycee-simonedebeauvoir.com\/?page_id=210","title":{"rendered":"Transport Scolaire"},"content":{"rendered":"\n<p><strong>REGLEMENT<\/strong><\/p>\n\n\n\n<p>Un service de transport scolaire est assur\u00e9 par le Lyc\u00e9e Fran\u00e7ais International Simone de Beauvoir.<\/p>\n\n\n\n<p>Les tarifs annuels pour 2025\/2026 sont de 33 000 LE \u201335 000 <em>LE\u00a0<\/em>.<\/p>\n\n\n\n<p>Le paiement des frais de transport est effectu\u00e9 par la famille avant le 15 mai.<\/p>\n\n\n\n<p>Toute adh\u00e9sion au service de transport scolaire fait l\u2019objet d\u2019une tarification aller-retour. Il n\u2019existe pas de tarif \u00ab&nbsp;ALLER SIMPLE&nbsp;\u00bb.<\/p>\n\n\n\n<p>Le service transport scolaire se compose de bus, \u00e9quip\u00e9s d\u2019un syst\u00e8me d\u2019air conditionn\u00e9 efficace.<\/p>\n\n\n\n<p>Chaque autobus est sous la surveillance d\u2019un adulte habilit\u00e9 par la direction.<\/p>\n\n\n\n<p><strong>CIRCUIT ET ARRETS<\/strong><\/p>\n\n\n\n<p>Le transport scolaire ne peut \u00eatre confondu avec un service personnel de ramassage \u00e0 domicile. En fonction des r\u00e9servations, les circuits sont d\u00e9finis par le service des transports scolaires en d\u00e9but de chaque ann\u00e9e et non susceptibles de modifications.<\/p>\n\n\n\n<p>Toutes les informations techniques peuvent \u00eatre demand\u00e9es \u00e0 M. Mohamed AYAD  et M Mohamed ADEL.<\/p>\n\n\n\n<p><strong>Il est rappel\u00e9 aux familles que les enfants ne sont pas autoris\u00e9s \u00e0 utiliser un autre bus que celui de leur circuit habituel. Ils ne sont pas non plus admis \u00e0 descendre \u00e0 un arr\u00eat qui n\u2019est pas le leur.<\/strong><\/p>\n\n\n\n<p><strong>Pour des raisons de s\u00e9curit\u00e9, les \u00e9l\u00e8ves ne sont pas autoris\u00e9s \u00e0 changer de bus au cours de l\u2019ann\u00e9e pour convenances personnelles (invitation d\u2019un camarade ou toute autre raison).<\/strong><\/p>\n\n\n\n<p><strong>Aucune d\u00e9rogation ne sera accord\u00e9e.<\/strong><\/p>\n\n\n\n<p><strong>Sur demande exceptionnelle<\/strong>, un enfant peut ne pas utiliser le service des transports scolaires du retour si la personne habilit\u00e9e pr\u00e9vient le secr\u00e9tariat de la direction&nbsp;<strong>avant 10h00<\/strong>.<\/p>\n\n\n\n<p><strong>HORAIRES<\/strong><\/p>\n\n\n\n<p>Pour chaque circuit, le lyc\u00e9e d\u00e9termine les horaires pour chaque arr\u00eat. En g\u00e9n\u00e9ral l\u2019horaire est respect\u00e9 et il incombe aux familles de veiller \u00e0 la ponctualit\u00e9&nbsp;; l\u2019autobus ne peut pas attendre au-del\u00e0 de l\u2019heure pr\u00e9vue.<\/p>\n\n\n\n<p>Du fait des al\u00e9as du trafic, des retards peuvent affecter le service&nbsp;: il n\u2019est pas possible de garantir le passage de l\u2019autobus \u00e0 l\u2019heure pr\u00e9vue&nbsp;; par contre, les parents sont assur\u00e9s que l\u2019autobus ne partira pas de l\u2019arr\u00eat avant l\u2019heure indiqu\u00e9e.<\/p>\n\n\n\n<p>Les enfants des&nbsp;<strong>maternelles, CP, CE1 et CE2<\/strong>&nbsp;doivent \u00eatre accompagn\u00e9s \u00e0 l\u2019arr\u00eat par un adulte. De m\u00eame au retour, ils doivent \u00eatre attendus par une personne chois par la famille.<\/p>\n\n\n\n<p>Le service des bus n\u2019est responsable des \u00e9l\u00e8ves que pendant leur pr\u00e9sence dans le v\u00e9hicule.<\/p>\n\n\n\n<p><strong>REGLEMENT DU BUS<\/strong><\/p>\n\n\n\n<p>Liste des interdictions<\/p>\n\n\n\n<p>Consommer de la nourriture (y compris chewing-gums, chocolat, bonbons ou boissons)<\/p>\n\n\n\n<p>Mettre ses pieds sur les dossiers des si\u00e8ges,<\/p>\n\n\n\n<p>Utiliser stylos, feutres ou crayons<\/p>\n\n\n\n<p>Se bousculer ou insulter les passagers<\/p>\n\n\n\n<p>Se lever dans le bus lorsqu\u2019il n\u2019est pas \u00e0 l\u2019arr\u00eat.<\/p>\n\n\n\n<p><strong>OBLIGATIONS<\/strong><\/p>\n\n\n\n<p>Attacher sa ceinture de s\u00e9curit\u00e9<\/p>\n\n\n\n<p>Respecter les consignes donn\u00e9es par la surveillante.<\/p>\n\n\n\n<p>Toutes infractions \u00e0 ses dispositions peuvent entra\u00eener la suppression d\u2019utiliser le service des transports.<\/p>\n\n\n\n<p>Ci-dessous le r\u00e8glement sign\u00e9 par les parents lors de l&rsquo;inscription au service de transport scolaire.<\/p>\n\n\n\n<div data-wp-interactive=\"core\/file\" class=\"wp-block-file\"><object data-wp-bind--hidden=\"!state.hasPdfPreview\" hidden class=\"wp-block-file__embed\" data=\"https:\/\/niscl.s3.eu-central-1.amazonaws.com\/Lycee\/Media\/2022\/10\/10081627\/Reglement-transport-scolaire.pdf\" type=\"application\/pdf\" style=\"width:100%;height:600px\" aria-label=\"Contenu embarqu\u00e9 Reglement-transport-scolaire.\"><\/object><a id=\"wp-block-file--media-0a99e353-6381-44c7-ae07-c5181ad2c201\" href=\"https:\/\/niscl.s3.eu-central-1.amazonaws.com\/Lycee\/Media\/2022\/10\/10081627\/Reglement-transport-scolaire.pdf\">Reglement-transport-scolaire<\/a><a href=\"https:\/\/niscl.s3.eu-central-1.amazonaws.com\/Lycee\/Media\/2022\/10\/10081627\/Reglement-transport-scolaire.pdf\" class=\"wp-block-file__button wp-element-button\" download aria-describedby=\"wp-block-file--media-0a99e353-6381-44c7-ae07-c5181ad2c201\">T\u00e9l\u00e9charger<\/a><\/div>\n","protected":false},"excerpt":{"rendered":"<p>REGLEMENT Un service de transport scolaire est assur\u00e9 par le Lyc\u00e9e Fran\u00e7ais International Simone de Beauvoir. Les tarifs annuels pour 2025\/2026 sont de 33 000 LE \u201335 000 LE\u00a0. Le paiement des frais de transport est effectu\u00e9 par la famille avant le 15 mai. Toute adh\u00e9sion au service de transport scolaire fait l\u2019objet d\u2019une tarification [&hellip;]<\/p>\n","protected":false},"author":6,"featured_media":0,"parent":143,"menu_order":0,"comment_status":"closed","ping_status":"closed","template":"","meta":{"footnotes":""},"class_list":["post-210","page","type-page","status-publish","hentry"],"_links":{"self":[{"href":"https:\/\/lycee-simonedebeauvoir.com\/index.php?rest_route=\/wp\/v2\/pages\/210","targetHints":{"allow":["GET"]}}],"collection":[{"href":"https:\/\/lycee-simonedebeauvoir.com\/index.php?rest_route=\/wp\/v2\/pages"}],"about":[{"href":"https:\/\/lycee-simonedebeauvoir.com\/index.php?rest_route=\/wp\/v2\/types\/page"}],"author":[{"embeddable":true,"href":"https:\/\/lycee-simonedebeauvoir.com\/index.php?rest_route=\/wp\/v2\/users\/6"}],"replies":[{"embeddable":true,"href":"https:\/\/lycee-simonedebeauvoir.com\/index.php?rest_route=%2Fwp%2Fv2%2Fcomments&post=210"}],"version-history":[{"count":13,"href":"https:\/\/lycee-simonedebeauvoir.com\/index.php?rest_route=\/wp\/v2\/pages\/210\/revisions"}],"predecessor-version":[{"id":3697,"href":"https:\/\/lycee-simonedebeauvoir.com\/index.php?rest_route=\/wp\/v2\/pages\/210\/revisions\/3697"}],"up":[{"embeddable":true,"href":"https:\/\/lycee-simonedebeauvoir.com\/index.php?rest_route=\/wp\/v2\/pages\/143"}],"wp:attachment":[{"href":"https:\/\/lycee-simonedebeauvoir.com\/index.php?rest_route=%2Fwp%2Fv2%2Fmedia&parent=210"}],"curies":[{"name":"wp","href":"https:\/\/api.w.org\/{rel}","templated":true}]}}