{"id":212,"date":"2020-09-10T12:12:01","date_gmt":"2020-09-10T10:12:01","guid":{"rendered":"https:\/\/lycee-simonedebeauvoir.com\/?page_id=212"},"modified":"2021-10-12T08:19:10","modified_gmt":"2021-10-12T06:19:10","slug":"elections","status":"publish","type":"page","link":"https:\/\/lycee-simonedebeauvoir.com\/?page_id=212","title":{"rendered":"Elections"},"content":{"rendered":"\n<p>\u00ab\u00a0Le repr\u00e9sentant des parents d\u2019\u00e9l\u00e8ves :&nbsp;<\/p>\n\n\n\n<ul class=\"wp-block-list\"><li>joue un r\u00f4le de&nbsp;<strong>relais<\/strong>&nbsp;et de&nbsp;<strong>m\u00e9diateur&nbsp;<\/strong>;<\/li><li>donne son avis et \u00e9met des&nbsp;<strong>suggestions sur le fonctionnement de l\u2019\u00e9tablissement&nbsp;<\/strong>;<\/li><li>fait partie des<strong>&nbsp;instances de repr\u00e9sentations<\/strong>.\u00a0\u00bb<\/li><\/ul>\n\n\n\n<h2 class=\"wp-block-heading\">Le r\u00f4le des repr\u00e9sentants des parents d\u2019\u00e9l\u00e8ves<\/h2>\n\n\n\n<p>\u00c9lus par les parents d\u2019\u00e9l\u00e8ves chaque ann\u00e9e d\u00e8s le mois d\u2019octobre, les repr\u00e9sentants des parents d\u2019\u00e9l\u00e8ves jouent un&nbsp;<strong>r\u00f4le de relais et de m\u00e9diateur entre les familles, les professeurs et la direction de l\u2019\u00e9tablissement<\/strong>. Ces \u00ab\u00a0d\u00e9l\u00e9gu\u00e9s\u00a0\u00bb participent aux conseils d&rsquo;\u00e9tablissement et si\u00e8gent aux diff\u00e9rentes instances de repr\u00e9sentation.<br><\/p>\n\n\n\n<p>Les repr\u00e9sentants des parents sont consult\u00e9s lors de l\u2019<strong>adoption du projet d\u2019\u00e9tablissement&nbsp;<\/strong>propos\u00e9 par l\u2019\u00e9quipe p\u00e9dagogique. Le projet pr\u00e9cise les priorit\u00e9s et objectifs p\u00e9dagogiques mis en place au sein de l\u2019\u00e9tablissement.<br><\/p>\n\n\n\n<p>Le conseil d\u2019\u00e9cole ou d\u2019administration&nbsp;<strong>donne son avis ou formule des suggestions sur tous les sujets li\u00e9s au fonctionnement de l\u2019\u00e9tablissement<\/strong>. Cela comprend la protection et la s\u00e9curit\u00e9 des enfants, les mesures d\u2019int\u00e9gration des enfants handicap\u00e9s, la pr\u00e9vention des violences et du harc\u00e8lement, etc.&nbsp;<br><br><\/p>\n\n\n\n<h2 class=\"wp-block-heading\">Au coll\u00e8ge et au lyc\u00e9e&nbsp;des instances de repr\u00e9sentation sp\u00e9cifiques<\/h2>\n\n\n\n<p>Au coll\u00e8ge ou au lyc\u00e9e, le&nbsp;<strong>conseil de classe<\/strong>&nbsp;est charg\u00e9 du suivi individuel des \u00e9l\u00e8ves et de la vie de la classe. Compos\u00e9 de membres du personnel de l\u2019\u00e9tablissement, de deux d\u00e9l\u00e9gu\u00e9s d\u2019\u00e9l\u00e8ves et de deux repr\u00e9sentants des parents d\u2019\u00e9l\u00e8ves, il se r\u00e9unit au moins 3 fois par an. Il examine les r\u00e9sultats scolaires individuels des \u00e9l\u00e8ves, propose&nbsp;un bilan, donne des conseils et un avis sur les v\u0153ux&nbsp;d\u2019orientation exprim\u00e9s par les familles et les \u00e9l\u00e8ves.<br><br>La&nbsp;<strong>commission \u00e9ducative<\/strong>&nbsp;examine la situation d\u2019un \u00e9l\u00e8ve qui ne respecte pas les r\u00e8gles de vie dans l\u2019\u00e9tablissement et recherche une r\u00e9ponse adapt\u00e9e avec la famille.<br><br>Le&nbsp;<strong>conseil de discipline<\/strong>&nbsp;se r\u00e9unit pour des faits graves (insultes ou violences envers un personnel ou un autre \u00e9l\u00e8ve, etc.) et sanctionne l\u2019\u00e9l\u00e8ve qui n\u2019a pas respect\u00e9 le r\u00e8glement int\u00e9rieur.&nbsp;Il peut prononcer l\u2019exclusion d\u2019un \u00e9l\u00e8ve.<br><br>Le<strong>&nbsp;conseil de la vie coll\u00e9gienne<\/strong>&nbsp;(CVC) ou <strong>lyc\u00e9enne <\/strong>(CVL) fait des propositions sur l\u2019organisation du travail personnel des \u00e9l\u00e8ves et sur les actions \u00e0 mener&nbsp;pour am\u00e9liorer le bien-\u00eatre des \u00e9l\u00e8ves et le climat scolaire.<br><br>Le&nbsp;<strong>comit\u00e9 d\u2019\u00e9ducation \u00e0 la sant\u00e9 et \u00e0 la citoyennet\u00e9<\/strong>&nbsp;(CESC) propose des actions pour aider les parents en difficult\u00e9 et lutter contre l\u2019exclusion.<\/p>\n\n\n\n<p class=\"has-text-align-right\"><strong>\u0627\u0646\u062a\u062e\u0627\u0628\u0627\u062a \u0623\u0648\u0644\u064a\u0627\u0621 \u0627\u0644\u0623\u0645\u0648\u0631<\/strong><strong><\/strong><\/p>\n\n\n\n<p class=\"has-text-align-right\"><strong><u>\u0645\u0645\u062b\u0644 \u0623\u0648\u0644\u064a\u0627\u0621 \u0627\u0644\u0623\u0645\u0648\u0631<\/u><\/strong>:<\/p>\n\n\n\n<p class=\"has-text-align-right\">\u2022 \u064a\u0644\u0639\u0628 \u062f\u0648\u0631 \u0627\u0644\u062a\u062a\u0627\u0628\u0639 \u0648\u0627\u0644\u0648\u0633\u064a\u0637<\/p>\n\n\n\n<p class=\"has-text-align-right\">\u2022 \u064a\u0642\u0648\u0645 \u0628\u0625\u0628\u062f\u0627\u0621 \u0627\u0644\u0631\u0623\u064a \u0648\u062a\u0642\u062f\u064a\u0645 \u0627\u0644\u0627\u0642\u062a\u0631\u0627\u062d\u0627\u062a \u062d\u0648\u0644 \u0633\u064a\u0631 \u0627\u0644\u0639\u0645\u0644 \u0628\u0627\u0644\u0645\u062f\u0631\u0633\u0629<\/p>\n\n\n\n<p class=\"has-text-align-right\">\u2022 \u064a\u0639\u062a\u0628\u0631 \u062c\u0632\u0621 \u0645\u0646 \u0627\u0644\u0647\u064a\u0626\u0627\u062a \u0627\u0644\u062a\u0645\u062b\u064a\u0644\u064a\u0629 \u0628\u0627\u0644\u0645\u062f\u0631\u0633\u0629<\/p>\n\n\n\n<p class=\"has-text-align-right\"><strong><u>\u062f\u0648\u0631 \u0645\u0645\u062b\u0644\u064a \u0623\u0648\u0644\u064a\u0627\u0621 \u0627\u0644\u0623\u0645\u0648\u0631<\/u><\/strong>:<\/p>\n\n\n\n<p class=\"has-text-align-right\">\u064a\u062a\u0645 \u0627\u0646\u062a\u062e\u0627\u0628 \u0645\u0645\u062b\u0644\u064a \u0623\u0648\u0644\u064a\u0627\u0621 \u0627\u0644\u0623\u0645\u0648\u0631 \u0628\u0648\u0627\u0633\u0637\u0629 \u0623\u0648\u0644\u064a\u0627\u0621 \u0623\u0645\u0648\u0631 \u0627\u0644\u0645\u062f\u0631\u0633\u0629 \u0643\u0644 \u0639\u0627\u0645 \u0641\u064a \u0634\u0647\u0631 \u0623\u0643\u062a\u0648\u0628\u0631\u060c \u0648\u064a\u0644\u0639\u0628\u0648\u0646 <strong>\u062f\u0648\u0631 \u0627\u0644\u062a\u062a\u0627\u0628\u0639 \u0648\u0627\u0644\u0648\u0633\u064a\u0637 \u0628\u064a\u0646 \u0627\u0644\u0623\u0633\u0631 \u0648 \u0627\u0644\u0645\u062f\u0631\u0633\u064a\u0646 \u0648\u0625\u062f\u0627\u0631\u0629 \u0627\u0644\u0645\u062f\u0631\u0633\u0629<\/strong>. \u064a\u0634\u0627\u0631\u0643 \u0647\u0624\u0644\u0627\u0621 \u00ab\u00a0\u0627\u0644\u0645\u0646\u062f\u0648\u0628\u0648\u0646\u00a0\u00bb \u0641\u064a \u0645\u062c\u0627\u0644\u0633 \u0627\u0644\u0645\u062f\u0631\u0633\u0629 \u0648\u064a\u0645\u062b\u0644\u0648\u0646 \u0623\u0648\u0644\u064a\u0627\u0621 \u0627\u0644\u0623\u0645\u0648\u0631 \u0641\u064a \u0627\u0644\u0647\u064a\u0626\u0627\u062a \u0627\u0644\u062a\u0645\u062b\u064a\u0644\u064a\u0629 \u0627\u0644\u0645\u062e\u062a\u0644\u0641\u0629.<\/p>\n\n\n\n<p class=\"has-text-align-right\">\u064a\u062a\u0645 \u0627\u0633\u062a\u0634\u0627\u0631\u0629 \u0645\u0645\u062b\u0644\u064a \u0623\u0648\u0644\u064a\u0627\u0621 \u0627\u0644\u0623\u0645\u0648\u0631 \u0623\u062b\u0646\u0627\u0621 <strong>\u0627\u0639\u062a\u0645\u0627\u062f \u0645\u0634\u0631\u0648\u0639 \u0627\u0644\u0645\u062f\u0631\u0633\u0629<\/strong> \u0627\u0644\u0645\u0642\u062a\u0631\u062d \u0645\u0646 \u0642\u0628\u0644 \u0641\u0631\u064a\u0642 \u0627\u0644\u062a\u062f\u0631\u064a\u0633. \u064a\u062d\u062f\u062f \u0647\u0630\u0627 \u0627\u0644\u0645\u0634\u0631\u0648\u0639 \u0627\u0644\u0623\u0648\u0644\u0648\u064a\u0627\u062a \u0648\u0627\u0644\u0623\u0647\u062f\u0627\u0641 \u0627\u0644\u062a\u0631\u0628\u0648\u064a\u0629 \u0627\u0644\u0645\u0648\u0636\u0648\u0639\u0629 \u062f\u0627\u062e\u0644 \u0627\u0644\u0645\u062f\u0631\u0633\u0629.<\/p>\n\n\n\n<p class=\"has-text-align-right\">\u062a\u0628\u062f\u064a \u0627\u0644\u0645\u062f\u0631\u0633\u0629 \u0623\u0648 <strong>\u0627\u0644\u0645\u062c\u0644\u0633 \u0627\u0644\u0625\u062f\u0627\u0631\u0629<\/strong> \u0631\u0623\u064a\u0647 \u0623\u0648 <strong>\u064a\u0642\u062f\u0645 \u0627\u0642\u062a\u0631\u0627\u062d\u0627\u062a \u0641\u064a \u062c\u0645\u064a\u0639 \u0627\u0644\u0623\u0645\u0648\u0631 \u0627\u0644\u0645\u062a\u0639\u0644\u0642\u0629 \u0628\u0627\u0644\u0639\u0645\u0644 \u062f\u0627\u062e\u0644 \u0627\u0644\u0645\u062f\u0631\u0633\u0629<\/strong>. \u0648\u0647\u0630\u0627 \u064a\u0634\u0645\u0644 \u062d\u0645\u0627\u064a\u0629 \u0627\u0644\u0637\u0641\u0644 \u0648\u0633\u0644\u0627\u0645\u062a\u0647\u060c \u0648\u062a\u062f\u0627\u0628\u064a\u0631 \u0627\u0644\u0627\u0646\u062f\u0645\u0627\u062c \u0644\u0644\u0623\u0637\u0641\u0627\u0644 &#8230;\u0627\u0644\u0630\u064a\u0646 \u0644\u062f\u064a\u0647\u0645 \u0635\u0639\u0648\u0628\u0627\u062a\u060c \u0648\u0645\u0646\u0639 \u0627\u0644\u0639\u0646\u0641 \u0648\u0627\u0644\u062a\u0639\u062f\u0649 \u0639\u0644\u0649 \u0627\u0644\u063a\u064a\u0631\u060c \u0648\u0645\u0627 \u0625\u0644\u0649 \u0630\u0644\u0643.<\/p>\n\n\n\n<p class=\"has-text-align-right\"><strong><u>\u0641\u064a \u0645\u0631\u062d\u0644\u062a\u064a \u0627\u0644\u0625\u0639\u062f\u0627\u062f\u064a \u0648 \u0627\u0644\u062b\u0627\u0646\u0648\u064a\u060c \u0647\u0646\u0627\u0643 \u0647\u064a\u0626\u0627\u062a \u062a\u0645\u062b\u064a\u0644\u064a\u0629 \u0645\u062d\u062f\u062f\u0629<\/u><\/strong>:<\/p>\n\n\n\n<p class=\"has-text-align-right\">\u0641\u064a &nbsp;\u0627\u0644\u0645\u0631\u062d\u0644\u0629 \u0627\u0644\u0625\u0639\u062f\u0627\u062f\u064a\u0629 \u0623\u0648 \u0627\u0644\u062b\u0627\u0646\u0648\u064a\u0629 \u060c \u064a\u0643\u0648\u0646 <strong>\u0645\u062c\u0644\u0633 \u0627\u0644\u0641\u0635\u0644<\/strong> \u0645\u0633\u0624\u0648\u0644\u0627\u064b \u0639\u0646 \u0627\u0644\u0645\u0631\u0627\u0642\u0628\u0629 \u0627\u0644\u0641\u0631\u062f\u064a\u0629 \u0644\u0644\u0637\u0644\u0627\u0628 \u0648\u062d\u064a\u0627\u0629 \u0627\u0644\u0641\u0635\u0644. \u064a\u062a\u0623\u0644\u0641 \u0645\u0646 \u0645\u0648\u0638\u0641\u064a \u0627\u0644\u0645\u062f\u0631\u0633\u0629 \u0648\u0627\u062b\u0646\u064a\u0646 \u0645\u0646 \u0645\u0645\u062b\u0644\u064a \u0627\u0644\u0637\u0644\u0627\u0628 \u0648\u0627\u062b\u0646\u064a\u0646 \u0645\u0646 \u0645\u0645\u062b\u0644\u064a \u0623\u0648\u0644\u064a\u0627\u0621 \u0627\u0644\u0623\u0645\u0648\u0631\u060c \u0648\u064a\u062c\u062a\u0645\u0639 \u0639\u0644\u0649 \u0627\u0644\u0623\u0642\u0644 3 \u0645\u0631\u0627\u062a \u0641\u064a \u0627\u0644\u0633\u0646\u0629. \u0648 \u064a\u0642\u0648\u0645 \u0628\u0641\u062d\u0635 \u0627\u0644\u0646\u062a\u0627\u0626\u062c \u0627\u0644\u0623\u0643\u0627\u062f\u064a\u0645\u064a\u0629 \u0627\u0644\u0641\u0631\u062f\u064a\u0629 \u0644\u0644\u0637\u0627\u0644\u0628\u060c \u0648\u064a\u0642\u062a\u0631\u062d \u062a\u0642\u064a\u064a\u0645\u064b\u0627\u060c \u0648\u064a\u0642\u062f\u0645 \u0627\u0644\u0645\u0634\u0648\u0631\u0629 \u0648\u0627\u0644\u0631\u0623\u064a \u062d\u0648\u0644 \u0631\u063a\u0628\u0627\u062a \u0627\u0644\u062a\u0648\u062c\u064a\u0647 \u0627\u0644\u062a\u064a \u062a\u0642\u062f\u0645 \u0645\u0646 \u0642\u0628\u0644 \u0623\u0648\u0644\u064a\u0627\u0621 \u0627\u0644\u0623\u0645\u0648\u0631 \u0648 \u0627\u0644\u0637\u0644\u0627\u0628.<\/p>\n\n\n\n<p class=\"has-text-align-right\">\u062a\u0642\u0648\u0645 <strong>\u0644\u062c\u0646\u0629 \u0627\u0644\u062a\u0639\u0644\u064a\u0645<\/strong> \u0628\u0641\u062d\u0635 \u062d\u0627\u0644\u0629 \u0627\u0644\u0637\u0627\u0644\u0628 \u0627\u0644\u0630\u064a \u0644\u0627 \u064a\u062d\u062a\u0631\u0645 \u0642\u0648\u0627\u0639\u062f \u0627\u0644\u062d\u064a\u0627\u0629 \u0641\u064a \u0627\u0644\u0645\u062f\u0631\u0633\u0629 \u0648\u064a\u0633\u0639\u0649 \u0644\u0644\u062d\u0635\u0648\u0644 \u0639\u0644\u0649 \u0627\u0633\u062a\u062c\u0627\u0628\u0629 \u0645\u0646\u0627\u0633\u0628\u0629 \u0645\u0639 \u0648\u0644\u0649 \u0627\u0644\u0623\u0645\u0631.<\/p>\n\n\n\n<p class=\"has-text-align-right\">\u064a\u062c\u062a\u0645\u0639 <strong>\u0627\u0644\u0645\u062c\u0644\u0633 \u0627\u0644\u062a\u0623\u062f\u064a\u0628\u064a<\/strong> \u0644\u0644\u0648\u0642\u0627\u0626\u0639 \u0627\u0644\u062c\u0633\u064a\u0645\u0629 (\u0625\u0647\u0627\u0646\u0627\u062a \u0623\u0648 \u0639\u0646\u0641 \u062a\u062c\u0627\u0647 \u0645\u0648\u0638\u0641 \u0623\u0648 \u0637\u0627\u0644\u0628 \u0622\u062e\u0631 \u060c \u0625\u0644\u062e) \u0648\u064a\u0639\u0627\u0642\u0628 \u0627\u0644\u0637\u0627\u0644\u0628 \u0627\u0644\u0630\u064a \u0644\u0645 \u064a\u0644\u062a\u0632\u0645 \u0628\u0627\u0644\u0644\u0627\u0626\u062d\u0629 \u0627\u0644\u062f\u0627\u062e\u0644\u064a\u0629. \u0648 \u064a\u0645\u0643\u0646 \u0644\u0647\u0630\u0627 \u0627\u0644\u0645\u062c\u0644\u0633 \u0642\u0631\u0627\u0631 \u0627\u0633\u062a\u0628\u0639\u0627\u062f \u0627\u0644\u0637\u0627\u0644\u0628.<strong><\/strong><\/p>\n\n\n\n<p class=\"has-text-align-right\">\u064a\u0642\u062f\u0645<strong> \u0645\u062c\u0644\u0633 \u0627\u0644\u062d\u064a\u0627\u0629 \u0644\u0644\u0645\u0631\u062d\u0644\u0629 \u0627\u0644\u0625\u0639\u062f\u0627\u062f\u064a\u0629 (<\/strong><strong>CVC<\/strong><strong>) \u0623\u0648 \u0627\u0644\u0645\u0631\u062d\u0644\u0629 \u0627\u0644\u062b\u0627\u0646\u0648\u064a\u0629 (<\/strong><strong>CVL<\/strong>) \u0645\u0642\u062a\u0631\u062d\u0627\u062a \u0628\u0634\u0623\u0646 \u062a\u0646\u0638\u064a\u0645 \u0627\u0644\u0639\u0645\u0644 \u0627\u0644\u0634\u062e\u0635\u064a \u0644\u0644\u0637\u0644\u0627\u0628 \u0648\u062d\u0648\u0644 \u0627\u0644\u0625\u062c\u0631\u0627\u0621\u0627\u062a \u0627\u0644\u062a\u064a \u064a\u062c\u0628 \u0627\u062a\u062e\u0627\u0630\u0647\u0627 \u0644\u062a\u062d\u0633\u064a\u0646 \u0631\u0641\u0627\u0647\u064a\u0629 \u0627\u0644\u0637\u0644\u0627\u0628 \u0648\u0627\u0644\u0645\u0646\u0627\u062e \u0627\u0644\u0645\u062f\u0631\u0633\u064a.<\/p>\n\n\n\n<p class=\"has-text-align-right\">\u062a\u0642\u062a\u0631\u062d <strong>\u0644\u062c\u0646\u0629 \u0627\u0644\u062a\u0639\u0644\u064a\u0645 \u0644\u0644\u0635\u062d\u0629 \u0648\u0627\u0644\u0645\u0648\u0627\u0637\u0646\u0629 (<\/strong><strong>CESC<\/strong><strong>)<\/strong> \u0625\u062c\u0631\u0627\u0621\u0627\u062a \u0644\u0645\u0633\u0627\u0639\u062f\u0629 \u0623\u0648\u0644\u064a\u0627\u0621 \u0627\u0644\u0623\u0645\u0648\u0631 \u0627\u0644\u0630\u064a\u0646 \u064a\u0648\u0627\u062c\u0647\u0648\u0646 \u0635\u0639\u0648\u0628\u0627\u062a \u0648\u062a\u0642\u0648\u0645 \u0628\u0645\u062d\u0627\u0631\u0628\u0629 \u0641\u0643\u0631\u0629 \u0627\u0644\u0627\u0633\u062a\u0628\u0639\u0627\u062f \u0645\u0646 \u0627\u0644\u0645\u062f\u0631\u0633\u0629.<\/p>\n","protected":false},"excerpt":{"rendered":"<p>\u00ab\u00a0Le repr\u00e9sentant des parents d\u2019\u00e9l\u00e8ves :&nbsp; joue un r\u00f4le de&nbsp;relais&nbsp;et de&nbsp;m\u00e9diateur&nbsp;; donne son avis et \u00e9met des&nbsp;suggestions sur le fonctionnement de l\u2019\u00e9tablissement&nbsp;; fait partie des&nbsp;instances de repr\u00e9sentations.\u00a0\u00bb Le r\u00f4le des repr\u00e9sentants des parents d\u2019\u00e9l\u00e8ves \u00c9lus par les parents d\u2019\u00e9l\u00e8ves chaque ann\u00e9e d\u00e8s le mois d\u2019octobre, les repr\u00e9sentants des parents d\u2019\u00e9l\u00e8ves jouent un&nbsp;r\u00f4le de relais et [&hellip;]<\/p>\n","protected":false},"author":6,"featured_media":0,"parent":145,"menu_order":0,"comment_status":"closed","ping_status":"closed","template":"","meta":{"footnotes":""},"class_list":["post-212","page","type-page","status-publish","hentry"],"_links":{"self":[{"href":"https:\/\/lycee-simonedebeauvoir.com\/index.php?rest_route=\/wp\/v2\/pages\/212","targetHints":{"allow":["GET"]}}],"collection":[{"href":"https:\/\/lycee-simonedebeauvoir.com\/index.php?rest_route=\/wp\/v2\/pages"}],"about":[{"href":"https:\/\/lycee-simonedebeauvoir.com\/index.php?rest_route=\/wp\/v2\/types\/page"}],"author":[{"embeddable":true,"href":"https:\/\/lycee-simonedebeauvoir.com\/index.php?rest_route=\/wp\/v2\/users\/6"}],"replies":[{"embeddable":true,"href":"https:\/\/lycee-simonedebeauvoir.com\/index.php?rest_route=%2Fwp%2Fv2%2Fcomments&post=212"}],"version-history":[{"count":7,"href":"https:\/\/lycee-simonedebeauvoir.com\/index.php?rest_route=\/wp\/v2\/pages\/212\/revisions"}],"predecessor-version":[{"id":2818,"href":"https:\/\/lycee-simonedebeauvoir.com\/index.php?rest_route=\/wp\/v2\/pages\/212\/revisions\/2818"}],"up":[{"embeddable":true,"href":"https:\/\/lycee-simonedebeauvoir.com\/index.php?rest_route=\/wp\/v2\/pages\/145"}],"wp:attachment":[{"href":"https:\/\/lycee-simonedebeauvoir.com\/index.php?rest_route=%2Fwp%2Fv2%2Fmedia&parent=212"}],"curies":[{"name":"wp","href":"https:\/\/api.w.org\/{rel}","templated":true}]}}