{"id":216,"date":"2020-09-10T12:12:35","date_gmt":"2020-09-10T10:12:35","guid":{"rendered":"https:\/\/lycee-simonedebeauvoir.com\/?page_id=216"},"modified":"2025-10-08T12:12:08","modified_gmt":"2025-10-08T10:12:08","slug":"associations-des-parents-cpn","status":"publish","type":"page","link":"https:\/\/lycee-simonedebeauvoir.com\/?page_id=216","title":{"rendered":"CANDIDAT : LISTE N.1"},"content":{"rendered":"\n<p><strong>Conseil des Parents CDP 2025\/2026<\/strong><\/p>\n\n\n\n<ol class=\"wp-block-list\">\n<li>Raymonda RAFLA \u2013 Parent de Zidane RIZK 4<sup>e<\/sup> \/ Lama RIZK CM2  &#8211; <a href=\"mailto:Remondarafla@hotmail.com\">Remondarafla@hotmail.co<\/a>m &#8211; Parent d\u00e9l\u00e9gu\u00e9e au conseil d\u2019\u00e9tablissement depuis l\u2019ann\u00e9e 2019 &#8211; D\u00e9l\u00e9gu\u00e9e de classe de l\u2019ann\u00e9e 2017 \u00e0 2024<\/li>\n\n\n\n<li>Rochan CHEDID\u2013 Parent de Malak SEDIK CE1 &#8211; <a href=\"mailto:rochanc@gmail.com\">rochanc@gmail.co<\/a>D\u00e9l\u00e9gu\u00e9e de ce1 pour l&rsquo;ann\u00e9e scolaire 2025\/26 &#8211; D\u00e9l\u00e9gu\u00e9e de cp pour l&rsquo;ann\u00e9e scolaire 2024\/25 et membre de conseil des parents et d&rsquo;\u00e9tablissement 2024\/25 &#8211; Membre du conseil des parents et d&rsquo;\u00e9tablissement 2023\/24 &#8211; D\u00e9l\u00e9gu\u00e9e de MS pour l&rsquo;ann\u00e9e scolaire 2022\/23 et membre du conseil des parents et d&rsquo;\u00e9tablissement 2022\/23 -D\u00e9l\u00e9gu\u00e9e de PS\/MS pour l&rsquo;ann\u00e9e scolaire 2021\/22<\/li>\n\n\n\n<li>Mme Fatoumata FOFANA \u2013 Parent de Hajar Fofana MS \/ Nour Fofana CE2 \/ Inna Fofana CM1 &#8211; <a href=\"mailto:fatoumata.fofanakh@gmail.com\">fatoumata.fofanakh@gmail.com<\/a> &#8211; D\u00e9l\u00e9gu\u00e9e suppl\u00e9ante CE2<\/li>\n\n\n\n<li>Alia FAWZY \u2013 Parent de Habiba EISSA CM2A <a href=\"mailto:lolita_fawzi@hotmail.com\">lolita_fawzi@hotmail.com<\/a> &#8211; Membre du conseil des parents d\u2019\u00e9tablissement 2024\/2025<\/li>\n<\/ol>\n\n\n\n<p><\/p>\n","protected":false},"excerpt":{"rendered":"<p>Conseil des Parents CDP 2025\/2026<\/p>\n","protected":false},"author":6,"featured_media":0,"parent":145,"menu_order":0,"comment_status":"closed","ping_status":"closed","template":"","meta":{"footnotes":""},"class_list":["post-216","page","type-page","status-publish","hentry"],"_links":{"self":[{"href":"https:\/\/lycee-simonedebeauvoir.com\/index.php?rest_route=\/wp\/v2\/pages\/216","targetHints":{"allow":["GET"]}}],"collection":[{"href":"https:\/\/lycee-simonedebeauvoir.com\/index.php?rest_route=\/wp\/v2\/pages"}],"about":[{"href":"https:\/\/lycee-simonedebeauvoir.com\/index.php?rest_route=\/wp\/v2\/types\/page"}],"author":[{"embeddable":true,"href":"https:\/\/lycee-simonedebeauvoir.com\/index.php?rest_route=\/wp\/v2\/users\/6"}],"replies":[{"embeddable":true,"href":"https:\/\/lycee-simonedebeauvoir.com\/index.php?rest_route=%2Fwp%2Fv2%2Fcomments&post=216"}],"version-history":[{"count":9,"href":"https:\/\/lycee-simonedebeauvoir.com\/index.php?rest_route=\/wp\/v2\/pages\/216\/revisions"}],"predecessor-version":[{"id":3688,"href":"https:\/\/lycee-simonedebeauvoir.com\/index.php?rest_route=\/wp\/v2\/pages\/216\/revisions\/3688"}],"up":[{"embeddable":true,"href":"https:\/\/lycee-simonedebeauvoir.com\/index.php?rest_route=\/wp\/v2\/pages\/145"}],"wp:attachment":[{"href":"https:\/\/lycee-simonedebeauvoir.com\/index.php?rest_route=%2Fwp%2Fv2%2Fmedia&parent=216"}],"curies":[{"name":"wp","href":"https:\/\/api.w.org\/{rel}","templated":true}]}}