{"id":2418,"date":"2020-11-17T10:54:47","date_gmt":"2020-11-17T08:54:47","guid":{"rendered":"https:\/\/lycee-simonedebeauvoir.com\/?page_id=2418"},"modified":"2022-06-07T07:51:19","modified_gmt":"2022-06-07T05:51:19","slug":"admission-2020-2021","status":"publish","type":"page","link":"https:\/\/lycee-simonedebeauvoir.com\/?page_id=2418","title":{"rendered":"Admission"},"content":{"rendered":"\n<p>Chers parents,<\/p>\n\n\n\n<p>Voici les \u00e9tapes \u00e0 suivre pour la proc\u00e9dure d&rsquo;inscription:<\/p>\n\n\n\n<p><strong>ETAPE 1:<\/strong><\/p>\n\n\n\n<p>Vous remplissez la fiche d\u2019inscription en ligne.<\/p>\n\n\n\n<p><strong>ETAPE 2:<\/strong><\/p>\n\n\n\n<p>Vous recevrez&nbsp; un e-mail de confirmation de votre rendez-vous pour la visite d\u2019orientation de l\u2019\u00e9tablissement en pr\u00e9sence des parents (sans les enfants) et des repr\u00e9sentants de l\u2019\u00e9quipe de direction.<\/p>\n\n\n\n<p><strong>ETAPE 3:<\/strong><\/p>\n\n\n\n<p>Par la suite, vous recevrez un e-mail avec le rendez-vous pour le test d\u2019entr\u00e9e de votre enfant.<\/p>\n\n\n\n<p><strong>ETAPE 4:<\/strong><\/p>\n\n\n\n<p>Derni\u00e8re \u00e9tape, vous recevrez un e-mail si votre enfant est accept\u00e9, en vous pr\u00e9cisant les documents demand\u00e9s ainsi que le bon de paiement \u00e0 adresser \u00e0 la comptabilit\u00e9 du lyc\u00e9e. Vous devrez vous accquiter des frais de 1\u00e8re inscription (irremboursables) avant la date limite indiqu\u00e9e (une semaine apr\u00e8s l\u2019admission de votre enfant). Sans ce versement, le lyc\u00e9e ne peut garantir la disponobilit\u00e9 de la place.<\/p>\n","protected":false},"excerpt":{"rendered":"<p>Chers parents, Voici les \u00e9tapes \u00e0 suivre pour la proc\u00e9dure d&rsquo;inscription: ETAPE 1: Vous remplissez la fiche d\u2019inscription en ligne. ETAPE 2: Vous recevrez&nbsp; un e-mail de confirmation de votre rendez-vous pour la visite d\u2019orientation de l\u2019\u00e9tablissement en pr\u00e9sence des parents (sans les enfants) et des repr\u00e9sentants de l\u2019\u00e9quipe de direction. ETAPE 3: Par la [&hellip;]<\/p>\n","protected":false},"author":2,"featured_media":0,"parent":0,"menu_order":0,"comment_status":"closed","ping_status":"closed","template":"","meta":{"footnotes":""},"class_list":["post-2418","page","type-page","status-publish","hentry"],"_links":{"self":[{"href":"https:\/\/lycee-simonedebeauvoir.com\/index.php?rest_route=\/wp\/v2\/pages\/2418","targetHints":{"allow":["GET"]}}],"collection":[{"href":"https:\/\/lycee-simonedebeauvoir.com\/index.php?rest_route=\/wp\/v2\/pages"}],"about":[{"href":"https:\/\/lycee-simonedebeauvoir.com\/index.php?rest_route=\/wp\/v2\/types\/page"}],"author":[{"embeddable":true,"href":"https:\/\/lycee-simonedebeauvoir.com\/index.php?rest_route=\/wp\/v2\/users\/2"}],"replies":[{"embeddable":true,"href":"https:\/\/lycee-simonedebeauvoir.com\/index.php?rest_route=%2Fwp%2Fv2%2Fcomments&post=2418"}],"version-history":[{"count":7,"href":"https:\/\/lycee-simonedebeauvoir.com\/index.php?rest_route=\/wp\/v2\/pages\/2418\/revisions"}],"predecessor-version":[{"id":2873,"href":"https:\/\/lycee-simonedebeauvoir.com\/index.php?rest_route=\/wp\/v2\/pages\/2418\/revisions\/2873"}],"wp:attachment":[{"href":"https:\/\/lycee-simonedebeauvoir.com\/index.php?rest_route=%2Fwp%2Fv2%2Fmedia&parent=2418"}],"curies":[{"name":"wp","href":"https:\/\/api.w.org\/{rel}","templated":true}]}}