{"id":2715,"date":"2021-09-15T13:32:47","date_gmt":"2021-09-15T11:32:47","guid":{"rendered":"https:\/\/lycee-simonedebeauvoir.com\/?page_id=2715"},"modified":"2021-11-30T09:00:16","modified_gmt":"2021-11-30T07:00:16","slug":"forum-des-metiers-2","status":"publish","type":"page","link":"https:\/\/lycee-simonedebeauvoir.com\/?page_id=2715","title":{"rendered":"Forum des m\u00e9tiers 2021"},"content":{"rendered":"\n<p>Les \u00e9tablissements du r\u00e9seau de la Mission la\u00efque organisent avec le soutien de la <a rel=\"noreferrer noopener\" href=\"https:\/\/www.mlfmonde.org\/\" data-type=\"URL\" data-id=\"https:\/\/www.mlfmonde.org\/\" target=\"_blank\">MLF <\/a>un  forum des m\u00e9tiers<strong>.<\/strong> Incontournable pour pr\u00e9parer son \ud835\uddfc\ud835\uddff\ud835\uddf6\ud835\uddf2\ud835\uddfb\ud835\ude01\ud835\uddee\ud835\ude01\ud835\uddf6\ud835\uddfc\ud835\uddfb , le \ud835\uddf3\ud835\uddfc\ud835\uddff\ud835\ude02\ud835\uddfa \ud835\uddf1\ud835\uddf2\ud835\ude00 \ud835\uddfa\ud835\uddf2\u0301\ud835\ude01\ud835\uddf6\ud835\uddf2\ud835\uddff\ud835\ude00 c&rsquo;est en ligne \ud835\udde6\ud835\uddee\ud835\uddfa\ud835\uddf2\ud835\uddf1\ud835\uddf6 \ud835\udff0 \ud835\uddf1\ud835\uddf2\u0301\ud835\uddf0\ud835\uddf2\ud835\uddfa\ud835\uddef\ud835\uddff\ud835\uddf2 pour les \u00e9l\u00e8ves de la 3\u00e8me \u00e0 la Terminale !<\/p>\n\n\n\n<figure class=\"wp-block-image size-large\"><img fetchpriority=\"high\" decoding=\"async\" width=\"1024\" height=\"1024\" src=\"https:\/\/lycee-simonedebeauvoir.com\/wp-content\/uploads\/2021\/11\/visuel-forum-metiers-formations-21-1-1024x1024.png\" alt=\"\" class=\"wp-image-2913\" srcset=\"https:\/\/lycee-simonedebeauvoir.com\/wp-content\/uploads\/2021\/11\/visuel-forum-metiers-formations-21-1-1024x1024.png 1024w, https:\/\/lycee-simonedebeauvoir.com\/wp-content\/uploads\/2021\/11\/visuel-forum-metiers-formations-21-1-300x300.png 300w, https:\/\/lycee-simonedebeauvoir.com\/wp-content\/uploads\/2021\/11\/visuel-forum-metiers-formations-21-1-150x150.png 150w, https:\/\/lycee-simonedebeauvoir.com\/wp-content\/uploads\/2021\/11\/visuel-forum-metiers-formations-21-1-768x768.png 768w, https:\/\/lycee-simonedebeauvoir.com\/wp-content\/uploads\/2021\/11\/visuel-forum-metiers-formations-21-1-400x400.png 400w, https:\/\/lycee-simonedebeauvoir.com\/wp-content\/uploads\/2021\/11\/visuel-forum-metiers-formations-21-1-100x100.png 100w, https:\/\/lycee-simonedebeauvoir.com\/wp-content\/uploads\/2021\/11\/visuel-forum-metiers-formations-21-1.png 1080w\" sizes=\"(max-width: 1024px) 100vw, 1024px\" \/><\/figure>\n","protected":false},"excerpt":{"rendered":"<p>Les \u00e9tablissements du r\u00e9seau de la Mission la\u00efque organisent avec le soutien de la MLF un forum des m\u00e9tiers. Incontournable pour pr\u00e9parer son \ud835\uddfc\ud835\uddff\ud835\uddf6\ud835\uddf2\ud835\uddfb\ud835\ude01\ud835\uddee\ud835\ude01\ud835\uddf6\ud835\uddfc\ud835\uddfb , le \ud835\uddf3\ud835\uddfc\ud835\uddff\ud835\ude02\ud835\uddfa \ud835\uddf1\ud835\uddf2\ud835\ude00 \ud835\uddfa\ud835\uddf2\u0301\ud835\ude01\ud835\uddf6\ud835\uddf2\ud835\uddff\ud835\ude00 c&rsquo;est en ligne \ud835\udde6\ud835\uddee\ud835\uddfa\ud835\uddf2\ud835\uddf1\ud835\uddf6 \ud835\udff0 \ud835\uddf1\ud835\uddf2\u0301\ud835\uddf0\ud835\uddf2\ud835\uddfa\ud835\uddef\ud835\uddff\ud835\uddf2 pour les \u00e9l\u00e8ves de la 3\u00e8me \u00e0 la Terminale !<\/p>\n","protected":false},"author":5,"featured_media":2913,"parent":148,"menu_order":1,"comment_status":"closed","ping_status":"closed","template":"","meta":{"footnotes":""},"class_list":["post-2715","page","type-page","status-publish","has-post-thumbnail","hentry"],"_links":{"self":[{"href":"https:\/\/lycee-simonedebeauvoir.com\/index.php?rest_route=\/wp\/v2\/pages\/2715","targetHints":{"allow":["GET"]}}],"collection":[{"href":"https:\/\/lycee-simonedebeauvoir.com\/index.php?rest_route=\/wp\/v2\/pages"}],"about":[{"href":"https:\/\/lycee-simonedebeauvoir.com\/index.php?rest_route=\/wp\/v2\/types\/page"}],"author":[{"embeddable":true,"href":"https:\/\/lycee-simonedebeauvoir.com\/index.php?rest_route=\/wp\/v2\/users\/5"}],"replies":[{"embeddable":true,"href":"https:\/\/lycee-simonedebeauvoir.com\/index.php?rest_route=%2Fwp%2Fv2%2Fcomments&post=2715"}],"version-history":[{"count":4,"href":"https:\/\/lycee-simonedebeauvoir.com\/index.php?rest_route=\/wp\/v2\/pages\/2715\/revisions"}],"predecessor-version":[{"id":2914,"href":"https:\/\/lycee-simonedebeauvoir.com\/index.php?rest_route=\/wp\/v2\/pages\/2715\/revisions\/2914"}],"up":[{"embeddable":true,"href":"https:\/\/lycee-simonedebeauvoir.com\/index.php?rest_route=\/wp\/v2\/pages\/148"}],"wp:featuredmedia":[{"embeddable":true,"href":"https:\/\/lycee-simonedebeauvoir.com\/index.php?rest_route=\/wp\/v2\/media\/2913"}],"wp:attachment":[{"href":"https:\/\/lycee-simonedebeauvoir.com\/index.php?rest_route=%2Fwp%2Fv2%2Fmedia&parent=2715"}],"curies":[{"name":"wp","href":"https:\/\/api.w.org\/{rel}","templated":true}]}}