{"id":2820,"date":"2021-10-14T14:44:39","date_gmt":"2021-10-14T12:44:39","guid":{"rendered":"https:\/\/lycee-simonedebeauvoir.com\/?page_id=2820"},"modified":"2025-10-08T12:25:06","modified_gmt":"2025-10-08T10:25:06","slug":"resultats-elections-des-parents-2021-2022","status":"publish","type":"page","link":"https:\/\/lycee-simonedebeauvoir.com\/?page_id=2820","title":{"rendered":"CANDIDAT : LISTE N.2"},"content":{"rendered":"\n<p><strong>Les Solidaires 2025\/202<\/strong>6<\/p>\n\n\n\n<ol class=\"wp-block-list\">\n<li>Soliman Nourhane &#8211; <a href=\"mailto:Nourhane.soliman@gmail.com\">Nourhane.soliman@gmail.com<\/a>\u00a0 &#8211; Professeur de fran\u00e7ais &#8211; Maman des \u00e9l\u00e8ves de la famille Marei\u00a0(Ahmed MAREI CM2 A \u2013 Iwan MAREI 6e \u2013 Iyad MAREI 4e)<\/li>\n\n\n\n<li>Shaker Montahal &#8211; <a href=\"mailto:Shakermontahal@gmail.com\">Shakermontahal@gmail.com<\/a> &#8211; Master en Administration des Affaire &#8211; Directrice du D\u00e9partement D\u00e9coration \u00e0 la T\u00e9l\u00e9vision \u00c9gyptienne &#8211; Maman de Nadim ABO ELELA en 3\u00e8me<\/li>\n\n\n\n<li>Elfeky Sohayla &#8211; <a href=\"mailto:Sohaylaelfeky@yahoo.com\">Sohaylaelfeky@yahoo.com<\/a>\u00a0 &#8211; Professeur\u00a0de droit \u00e0 la facult\u00e9 de droit-\u00a0Universit\u00e9\u00a0d\u2019Alexandrie\u00a0 &#8211; Maman des \u00e9l\u00e8ves Alameldin\u00a0(Lojayne ALAMELDIN 4<sup>e<\/sup> \u2013 Adam ALAMELDIN 6<sup>e<\/sup>)<\/li>\n<\/ol>\n\n\n\n<p><\/p>\n","protected":false},"excerpt":{"rendered":"<p>Les Solidaires 2025\/2026<\/p>\n","protected":false},"author":2,"featured_media":0,"parent":0,"menu_order":0,"comment_status":"closed","ping_status":"closed","template":"","meta":{"footnotes":""},"class_list":["post-2820","page","type-page","status-publish","hentry"],"_links":{"self":[{"href":"https:\/\/lycee-simonedebeauvoir.com\/index.php?rest_route=\/wp\/v2\/pages\/2820","targetHints":{"allow":["GET"]}}],"collection":[{"href":"https:\/\/lycee-simonedebeauvoir.com\/index.php?rest_route=\/wp\/v2\/pages"}],"about":[{"href":"https:\/\/lycee-simonedebeauvoir.com\/index.php?rest_route=\/wp\/v2\/types\/page"}],"author":[{"embeddable":true,"href":"https:\/\/lycee-simonedebeauvoir.com\/index.php?rest_route=\/wp\/v2\/users\/2"}],"replies":[{"embeddable":true,"href":"https:\/\/lycee-simonedebeauvoir.com\/index.php?rest_route=%2Fwp%2Fv2%2Fcomments&post=2820"}],"version-history":[{"count":8,"href":"https:\/\/lycee-simonedebeauvoir.com\/index.php?rest_route=\/wp\/v2\/pages\/2820\/revisions"}],"predecessor-version":[{"id":3692,"href":"https:\/\/lycee-simonedebeauvoir.com\/index.php?rest_route=\/wp\/v2\/pages\/2820\/revisions\/3692"}],"wp:attachment":[{"href":"https:\/\/lycee-simonedebeauvoir.com\/index.php?rest_route=%2Fwp%2Fv2%2Fmedia&parent=2820"}],"curies":[{"name":"wp","href":"https:\/\/api.w.org\/{rel}","templated":true}]}}