{"id":3073,"date":"2022-01-25T08:44:42","date_gmt":"2022-01-25T06:44:42","guid":{"rendered":"https:\/\/lycee-simonedebeauvoir.com\/?page_id=3073"},"modified":"2022-01-25T08:52:02","modified_gmt":"2022-01-25T06:52:02","slug":"parcoursup-accompagner-la-phase-dinscription-et-de-formulation-des-voeux","status":"publish","type":"page","link":"https:\/\/lycee-simonedebeauvoir.com\/?page_id=3073","title":{"rendered":"ParcourSup : ACCOMPAGNER LA PHASE D\u2019INSCRIPTION ET DE FORMULATION DES V\u0152UX"},"content":{"rendered":"\n<p><strong>Les lyc\u00e9ens ont jusqu\u2019au jeudi 29 mars 2022 inclus pour formuler leurs v\u0153ux et jusqu&rsquo;au 7 avril 2022 inclus pour finaliser leur dossier et confirmer leurs v\u0153ux.<\/strong><\/p>\n\n\n\n<p>Ils pourront consulter les r\u00e9ponses des formations le 2 juin 2022 et les propositions d\u2019admission seront envoy\u00e9es au fur et \u00e0 mesure jusqu\u2019au 15 juillet 2022, date de cl\u00f4ture de la phase principale.<\/p>\n\n\n\n<p><strong>Des outils sont propos\u00e9s \u00e0 compter du 20 janvier sur&nbsp;<a rel=\"noreferrer noopener\" href=\"https:\/\/www.parcoursup.fr\/index.php?desc=\" target=\"_blank\">Parcoursup.fr<\/a>&nbsp;permettant d\u2019accompagner les \u00e9l\u00e8ves dans cette phase de r\u00e9flexion sur le projet d\u2019orientation et de formulation des v\u0153ux :<\/strong><\/p>\n\n\n\n<p>o&nbsp;&nbsp;&nbsp;<strong>Des conseils pour aider les \u00e9l\u00e8ves dans l\u2019\u00e9tape de formulation des v\u0153ux<\/strong><\/p>\n\n\n\n<p>o&nbsp;&nbsp;&nbsp;<strong>Des vid\u00e9os tutos<\/strong>&nbsp;:<\/p>\n\n\n\n<p>\u00a7&nbsp;&nbsp;Comment s\u2019inscrire sur Parcoursup ?<\/p>\n\n\n\n<p>\u00a7&nbsp;&nbsp;Comment formuler des v\u0153ux sur Parcoursup ?<\/p>\n\n\n\n<p>\u00a7&nbsp;&nbsp;Comment utiliser le moteur de recherche et bien se renseigner sur une formation ?<\/p>\n\n\n\n<p>\u00a7&nbsp;&nbsp;LAS et PASS : comment acc\u00e9der aux \u00e9tudes de sant\u00e9 ?<\/p>\n\n\n\n<p>\u00a7&nbsp;&nbsp;Comment formuler des v\u0153ux en apprentissage ?<\/p>\n\n\n\n<p>\u00a7&nbsp;&nbsp;Parcoursup : comment les formations examinent les candidatures<\/p>\n\n\n\n<p>\u00a7&nbsp;&nbsp;Handicap et \u00e9tudes sup\u00e9rieures : les dispositifs d\u2019accompagnement<\/p>\n\n\n\n<p>o&nbsp;&nbsp;&nbsp;<strong>Des fiches pratiques d\u2019aide \u00e0 la r\u00e9daction \u00e0 destination des \u00e9l\u00e8ves et des professeurs qui les accompagnent disponibles sur&nbsp;<a rel=\"noreferrer noopener\" href=\"https:\/\/eduscol.education.fr\/2236\/parcoursup-l-orientation-du-lycee-vers-l-enseignement-superieur\" target=\"_blank\">Eduscol<\/a><\/strong>&nbsp;:<\/p>\n\n\n\n<p>\u00a7&nbsp;&nbsp;R\u00e9diger sa rubrique \u00ab Activit\u00e9s et centres d\u2019int\u00e9r\u00eat \u00bb<\/p>\n\n\n\n<p>\u00a7&nbsp;&nbsp;R\u00e9diger son projet de formation motiv\u00e9<\/p>\n\n\n\n<p>\u00a7&nbsp;&nbsp;Aider l\u2019\u00e9l\u00e8ve \u00e0 r\u00e9diger son argumentaire de motivation<\/p>\n\n\n\n<p>\u00a7&nbsp;&nbsp;Aider l\u2019\u00e9l\u00e8ve \u00e0 r\u00e9diger la rubrique activit\u00e9s et centres d\u2019int\u00e9r\u00eat<\/p>\n\n\n\n<p>o&nbsp;&nbsp;&nbsp;<strong>Une infographie sur les modalit\u00e9s d\u2019accompagnement des lyc\u00e9ens en situation de handicap ou pr\u00e9sentant un trouble de sant\u00e9 invalidant disponible sur&nbsp;<a href=\"https:\/\/eduscol.education.fr\/2236\/parcoursup-l-orientation-du-lycee-vers-l-enseignement-superieur\" target=\"_blank\" rel=\"noreferrer noopener\">Eduscol<\/a><\/strong><\/p>\n\n\n\n<figure class=\"wp-block-table\"><table><tbody><tr><td><strong>Les \u00ab Lives Parcoursup \u00bb pour r\u00e9pondre en direct aux questions des \u00e9l\u00e8ves<\/strong>&nbsp;Des \u00ab Lives Parcoursup \u00bb sont organis\u00e9s r\u00e9guli\u00e8rement tout au long de la proc\u00e9dure pour aider les \u00e9l\u00e8ves \u00e0 pr\u00e9parer leur projet d\u2019orientation et \u00e0 formuler leurs v\u0153ux. <a rel=\"noreferrer noopener\" href=\"https:\/\/www.parcoursup.fr\/index.php?desc=lives\" target=\"_blank\">Consultez le programme<\/a><\/td><\/tr><\/tbody><\/table><\/figure>\n","protected":false},"excerpt":{"rendered":"<p>Les lyc\u00e9ens ont jusqu\u2019au jeudi 29 mars 2022 inclus pour formuler leurs v\u0153ux et jusqu&rsquo;au 7 avril 2022 inclus pour finaliser leur dossier et confirmer leurs v\u0153ux. Ils pourront consulter les r\u00e9ponses des formations le 2 juin 2022 et les propositions d\u2019admission seront envoy\u00e9es au fur et \u00e0 mesure jusqu\u2019au 15 juillet 2022, date de [&hellip;]<\/p>\n","protected":false},"author":6,"featured_media":0,"parent":148,"menu_order":0,"comment_status":"closed","ping_status":"closed","template":"","meta":{"footnotes":""},"class_list":["post-3073","page","type-page","status-publish","hentry"],"_links":{"self":[{"href":"https:\/\/lycee-simonedebeauvoir.com\/index.php?rest_route=\/wp\/v2\/pages\/3073","targetHints":{"allow":["GET"]}}],"collection":[{"href":"https:\/\/lycee-simonedebeauvoir.com\/index.php?rest_route=\/wp\/v2\/pages"}],"about":[{"href":"https:\/\/lycee-simonedebeauvoir.com\/index.php?rest_route=\/wp\/v2\/types\/page"}],"author":[{"embeddable":true,"href":"https:\/\/lycee-simonedebeauvoir.com\/index.php?rest_route=\/wp\/v2\/users\/6"}],"replies":[{"embeddable":true,"href":"https:\/\/lycee-simonedebeauvoir.com\/index.php?rest_route=%2Fwp%2Fv2%2Fcomments&post=3073"}],"version-history":[{"count":2,"href":"https:\/\/lycee-simonedebeauvoir.com\/index.php?rest_route=\/wp\/v2\/pages\/3073\/revisions"}],"predecessor-version":[{"id":3075,"href":"https:\/\/lycee-simonedebeauvoir.com\/index.php?rest_route=\/wp\/v2\/pages\/3073\/revisions\/3075"}],"up":[{"embeddable":true,"href":"https:\/\/lycee-simonedebeauvoir.com\/index.php?rest_route=\/wp\/v2\/pages\/148"}],"wp:attachment":[{"href":"https:\/\/lycee-simonedebeauvoir.com\/index.php?rest_route=%2Fwp%2Fv2%2Fmedia&parent=3073"}],"curies":[{"name":"wp","href":"https:\/\/api.w.org\/{rel}","templated":true}]}}