{"id":3712,"date":"2025-10-30T18:48:59","date_gmt":"2025-10-30T16:48:59","guid":{"rendered":"https:\/\/lycee-simonedebeauvoir.com\/?page_id=3712"},"modified":"2025-11-04T05:41:26","modified_gmt":"2025-11-04T03:41:26","slug":"frais-de-scolarite","status":"publish","type":"page","link":"https:\/\/lycee-simonedebeauvoir.com\/?page_id=3712","title":{"rendered":"Frais De Scolarit\u00e9"},"content":{"rendered":"\n<p><\/p>\n\n\n\n<div class=\"wp-block-media-text alignwide is-stacked-on-mobile\"><figure class=\"wp-block-media-text__media\"><img decoding=\"async\" src=\"https:\/\/niscl.s3.eu-central-1.amazonaws.com\/NAIS\/Media\/2024\/04\/03071921\/early-learning-baby.png\" alt=\"\" class=\"wp-image-5744 size-full\"\/><\/figure><div class=\"wp-block-media-text__content\">\n<p class=\"has-text-align-center has-text-color has-link-color has-large-font-size wp-elements-3f9ed6846df6b2d157052399859f0e6a\" style=\"color:#b81f2c;line-height:1.7\">Frais De Scolarit\u00e9 Des Nouveaux&nbsp;\u00c9l\u00e8ves 2026\/2027<\/p>\n<\/div><\/div>\n\n\n\n<h3 class=\"wp-block-heading has-text-align-center\"><strong>Special Competitive Tuition Fees for 2026\/2027<br><\/strong>In celebration of <strong>Nefertari International School<\/strong>\u2019s <strong>30th Anniversary<\/strong>, we are pleased to announce that the school is offering competitive tuition fees for the upcoming academic year 2026\/2027 for the International Divisions.<\/h3>\n\n\n\n<p class=\"has-text-align-center has-text-color has-link-color has-large-font-size wp-elements-ac6b25d560582785a4d3c368aed5ec41\" id=\"tuition-fees\" style=\"color:#b81f2c\"><strong>Ech\u00e9ancier de paiement<\/strong><\/p>\n\n\n\n<figure class=\"wp-block-table is-style-stripes\"><table><tbody><tr><td class=\"has-text-align-center\" data-align=\"center\">La Classe<\/td><td class=\"has-text-align-center\" data-align=\"center\">1er versement<\/td><td class=\"has-text-align-center\" data-align=\"center\">Le reste du 1er versement<\/td><td class=\"has-text-align-center\" data-align=\"center\">Le deuxi\u00e8me versement<\/td><td class=\"has-text-align-center\" data-align=\"center\">Frais de scolarit\u00e9&nbsp;totaux<\/td><td class=\"has-text-align-center\" data-align=\"center\">Les manuels<\/td><\/tr><tr><td class=\"has-text-align-center\" data-align=\"center\">TPS<\/td><td class=\"has-text-align-center\" data-align=\"center\">17,000<\/td><td class=\"has-text-align-center\" data-align=\"center\">35,000<\/td><td class=\"has-text-align-center\" data-align=\"center\">13,000<\/td><td class=\"has-text-align-center\" data-align=\"center\">65,000<\/td><td class=\"has-text-align-center\" data-align=\"center\"><\/td><\/tr><tr><td class=\"has-text-align-center\" data-align=\"center\">PS<\/td><td class=\"has-text-align-center\" data-align=\"center\">19,000<\/td><td class=\"has-text-align-center\" data-align=\"center\">38,000<\/td><td class=\"has-text-align-center\" data-align=\"center\">18,000<\/td><td class=\"has-text-align-center\" data-align=\"center\">75,000<\/td><td class=\"has-text-align-center\" data-align=\"center\">&nbsp;&nbsp;&nbsp;&nbsp;&nbsp;&nbsp;<\/td><\/tr><tr><td class=\"has-text-align-center\" data-align=\"center\">MS<\/td><td class=\"has-text-align-center\" data-align=\"center\">22,000<\/td><td class=\"has-text-align-center\" data-align=\"center\">42,000<\/td><td class=\"has-text-align-center\" data-align=\"center\">21,000<\/td><td class=\"has-text-align-center\" data-align=\"center\">85,000<\/td><td class=\"has-text-align-center\" data-align=\"center\"><\/td><\/tr><tr><td class=\"has-text-align-center\" data-align=\"center\">GS&nbsp;<\/td><td class=\"has-text-align-center\" data-align=\"center\">24,000<\/td><td class=\"has-text-align-center\" data-align=\"center\">48,000<\/td><td class=\"has-text-align-center\" data-align=\"center\">23,000<\/td><td class=\"has-text-align-center\" data-align=\"center\">95,000<\/td><td class=\"has-text-align-center\" data-align=\"center\"><\/td><\/tr><\/tbody><\/table><\/figure>\n\n\n\n<ul class=\"wp-block-list\">\n<li>Les frais de scolarit\u00e9 n\u2019incluent pas les frais de transport ni les frais des livres.<\/li>\n\n\n\n<li>Les frais des livres seront annonc\u00e9s en ao\u00fbt et devront \u00eatre r\u00e9gl\u00e9s avec le versement du mois d\u2019ao\u00fbt.<\/li>\n\n\n\n<li>10 % de r\u00e9duction sur les frais de scolarit\u00e9 pour le 2\u1d49, 3\u1d49&nbsp;et&nbsp;5\u1d49&nbsp;enfant.<\/li>\n<\/ul>\n\n\n\n<h2 class=\"wp-block-heading has-text-color has-link-color wp-elements-d4960b241fc23fc63c32b9fbbc595c32\" id=\"installments-due-dates\" style=\"color:#b81f2c\">Dates Des Versements<\/h2>\n\n\n\n<p>Le premier versement: du 1er au 15 mai<\/p>\n\n\n\n<p>Le deuxi\u00e8me versement : du 1er au 15 ao\u00fbt<\/p>\n\n\n\n<p>Le reste du deuxi\u00e8me versement : du 1er&nbsp;au&nbsp;15&nbsp;d\u00e9cembre<\/p>\n\n\n\n<h2 class=\"wp-block-heading has-text-color has-link-color wp-elements-8eed16c12548673ff030b077ebead96d\" id=\"air-conditioned-bus-fees\" style=\"color:#b81f2c\">Frais De Bus Climatis\u00e9:<\/h2>\n\n\n\n<p>Les frais de bus seront annonc\u00e9s au&nbsp;mois&nbsp;de&nbsp;Mai<\/p>\n\n\n\n<div class=\"wp-block-media-text alignwide has-media-on-the-right is-stacked-on-mobile\" style=\"grid-template-columns:auto 45%\" id=\"admission\"><div class=\"wp-block-media-text__content\">\n<p class=\"has-text-align-center has-large-font-size\">Admission en ligne<\/p>\n\n\n\n<p class=\"has-text-align-center\">D\u00e9sormais, gr\u00e2ce \u00e0 notre plateforme d\u2019admission en ligne, vous pouvez facilement inscrire votre\/vos enfant(s) sans avoir besoin de vous d\u00e9placer \u00e0 l\u2019\u00e9cole.<br>Le processus complet et les \u00e9tapes \u00e0 suivre seront expliqu\u00e9s une fois que vous visiterez notre plateforme.<\/p>\n\n\n\n<div class=\"wp-block-buttons is-horizontal is-content-justification-center is-layout-flex wp-container-core-buttons-is-layout-03627597 wp-block-buttons-is-layout-flex\">\n<div class=\"wp-block-button track-click-button\"><a class=\"wp-block-button__link wp-element-button\" href=\"https:\/\/lin6.nis.clts.wmtechno.com\/?plugin=saf\" target=\"_blank\" rel=\"noreferrer noopener\"><sup>Visitez notre plateforme d\u2019admission<\/sup><\/a><\/div>\n<\/div>\n<\/div><figure class=\"wp-block-media-text__media\"><img decoding=\"async\" src=\"https:\/\/ndis.niscl.net\/wp-content\/uploads\/2022\/02\/2853458-1024x1024.jpg\" alt=\"\" class=\"wp-image-4088 size-full\"\/><\/figure><\/div>\n","protected":false},"excerpt":{"rendered":"<p>Frais De Scolarit\u00e9 Des Nouveaux&nbsp;\u00c9l\u00e8ves 2026\/2027 Special Competitive Tuition Fees for 2026\/2027In celebration of Nefertari International School\u2019s 30th Anniversary, we are pleased to announce that the school is offering competitive tuition fees for the upcoming academic year 2026\/2027 for the International Divisions. Ech\u00e9ancier de paiement La Classe 1er versement Le reste du 1er versement Le [&hellip;]<\/p>\n","protected":false},"author":2,"featured_media":0,"parent":0,"menu_order":0,"comment_status":"closed","ping_status":"closed","template":"","meta":{"footnotes":""},"class_list":["post-3712","page","type-page","status-publish","hentry"],"_links":{"self":[{"href":"https:\/\/lycee-simonedebeauvoir.com\/index.php?rest_route=\/wp\/v2\/pages\/3712","targetHints":{"allow":["GET"]}}],"collection":[{"href":"https:\/\/lycee-simonedebeauvoir.com\/index.php?rest_route=\/wp\/v2\/pages"}],"about":[{"href":"https:\/\/lycee-simonedebeauvoir.com\/index.php?rest_route=\/wp\/v2\/types\/page"}],"author":[{"embeddable":true,"href":"https:\/\/lycee-simonedebeauvoir.com\/index.php?rest_route=\/wp\/v2\/users\/2"}],"replies":[{"embeddable":true,"href":"https:\/\/lycee-simonedebeauvoir.com\/index.php?rest_route=%2Fwp%2Fv2%2Fcomments&post=3712"}],"version-history":[{"count":9,"href":"https:\/\/lycee-simonedebeauvoir.com\/index.php?rest_route=\/wp\/v2\/pages\/3712\/revisions"}],"predecessor-version":[{"id":3733,"href":"https:\/\/lycee-simonedebeauvoir.com\/index.php?rest_route=\/wp\/v2\/pages\/3712\/revisions\/3733"}],"wp:attachment":[{"href":"https:\/\/lycee-simonedebeauvoir.com\/index.php?rest_route=%2Fwp%2Fv2%2Fmedia&parent=3712"}],"curies":[{"name":"wp","href":"https:\/\/api.w.org\/{rel}","templated":true}]}}